{"id":4713,"date":"2023-05-10T08:38:08","date_gmt":"2023-05-10T05:38:08","guid":{"rendered":"https:\/\/taxijessica.fi\/taxi-services\/"},"modified":"2025-05-12T10:04:45","modified_gmt":"2025-05-12T07:04:45","slug":"taxi-services","status":"publish","type":"page","link":"https:\/\/taxijessica.fi\/en\/taxi-services\/","title":{"rendered":"Taxi services"},"content":{"rendered":"\r\n\r\n<section class=\"hero site-banner banner-bg-image section-default default alignfull image\">\r\n\r\n    <div class=\"site-banner-bg section-bg-image \" >\r\n\r\n        <img loading=\"lazy\" decoding=\"async\" width=\"1920\" height=\"2560\" src=\"https:\/\/taxijessica.fi\/wp-content\/uploads\/2023\/05\/image0-scaled.jpeg\" class=\"attachment-1536\u00d71536 size-1536\u00d71536\" alt=\"\" srcset=\"https:\/\/taxijessica.fi\/wp-content\/uploads\/2023\/05\/image0-scaled.jpeg 1920w, https:\/\/taxijessica.fi\/wp-content\/uploads\/2023\/05\/image0-225x300.jpeg 225w, https:\/\/taxijessica.fi\/wp-content\/uploads\/2023\/05\/image0-768x1024.jpeg 768w, https:\/\/taxijessica.fi\/wp-content\/uploads\/2023\/05\/image0-1152x1536.jpeg 1152w, https:\/\/taxijessica.fi\/wp-content\/uploads\/2023\/05\/image0-1536x2048.jpeg 1536w\" sizes=\"auto, (max-width: 1920px) 100vw, 1920px\" \/>\r\n        \r\n            <div class=\"site-banner-content container\">\r\n                <div class=\"row w-100\">\r\n                    <div class=\"col-md-12\">\r\n\r\n                        <h1 class=\"hero-title\">Taxi services<\/h1><div class=\"inner-content\">\r\n                            <div class=\"acf-innerblocks-container\"><\/div>\r\n                        <\/div>                    <\/div>\r\n                <\/div>\r\n            <\/div>\r\n        \r\n        <\/div><\/section>\n\n\n<div class=\"wp-block-group palvelut\"><div class=\"wp-block-group__inner-container is-layout-constrained wp-block-group-is-layout-constrained\">\n<div class=\"wp-block-columns palvelut is-layout-flex wp-container-core-columns-is-layout-9d6595d7 wp-block-columns-is-layout-flex\">\n<div class=\"wp-block-column has-light-gray-background-color has-background is-layout-flow wp-block-column-is-layout-flow\" id=\"tilausajot\">\n<h3 class=\"wp-block-heading\" style=\"text-transform:uppercase\">Charter traffic<\/h3>\n\n\n\n<p>We offer all kinds of taxi trips and transport you comfortably, (We offer all kinds of transports and we will take you ) safely and reliably with our new and practical (utilirian) vehicles. You can choose from 11 passenger cars and 10 minivans. We strive to ensure that, as a customer, you always feel welcome to be transported by Taxijessica. Whether it&#8217;s local transport for individuals, transport for companies, authorities or organizations, a special joint transport, long-distance transport or a special task &#8211;&nbsp; nothing is impossible for Taxijessica to arrange.&nbsp;<\/p>\n<\/div>\n\n\n\n<div class=\"wp-block-column has-light-gray-background-color has-background is-layout-flow wp-block-column-is-layout-flow\" id=\"tilataksipalvelut\">\n<h3 class=\"wp-block-heading\" style=\"text-transform:uppercase\">Minivan services<\/h3>\n\n\n\n<p>Our minivan taxi fleet currently consists of 10 modern 1+8 seater cars. Some of our cars are equipped with a wheelchair lifter, as well as the possibility of transporting a stretcher. Of course, bar transport is handled by all these cars. You can also choose a karaoke bus and your journey will be full of fun singing your favorite songs.&nbsp;<\/p>\n\n\n\n<p>Would you be interested in, for example, a skiing trip to Lapland or a party trip to Helsinki? Group travel to Ruka from 120\u20ac\/person\/way, to Helsinki 40\u20ac\/person\/way We have competitive prices! Feel free to inquire.&nbsp;<\/p>\n<\/div>\n\n\n\n<div class=\"wp-block-column has-light-gray-background-color has-background is-layout-flow wp-block-column-is-layout-flow\" id=\"toivetaksi\">\n<h3 class=\"wp-block-heading\" style=\"text-transform:uppercase\">Choose the taxi that suits your needs&nbsp;&nbsp;<\/h3>\n\n\n\n<p>We also operate as a KELA- taxi driver in the areas of Hanko, Raasepori, Kittil\u00e4 and Yll\u00e4s. We have taxis for people with physical restrictions and regular cars with which we handle transportations. Get in touch with us and we&#8217;ll tell you how to easily organize your wishes and your Kela rides.<\/p>\n\n\n\n<p><strong>Hanko<\/strong>: <a href=\"tel:+358400613400\" title=\"\">+358400 613 400<\/a>&nbsp;<\/p>\n\n\n\n<p><strong>Raasepori<\/strong>: <a href=\"tel:+358400170117\" title=\"\">+358400 17 01 17<\/a>&nbsp;<\/p>\n\n\n\n<p><strong>Kittil\u00e4- Levi<\/strong>: <a href=\"tel:+358400610113\" title=\"\">+358400 610 113&nbsp;<\/a><\/p>\n\n\n\n<p><strong>Yll\u00e4s-\u00c4k\u00e4slompolo<\/strong>: <a href=\"tel:+358400613056\" title=\"\">+358 400 613 056&nbsp;<\/a><\/p>\n\n\n\n<p>or send us email:\u00a0<a href=\"mailto:taksijessica@gmail.com\" target=\"_blank\" rel=\"noreferrer noopener\">taksijessica@gmail.com<\/a>\u00a0<\/p>\n<\/div>\n<\/div>\n<\/div><\/div>\n\n\n\n<div class=\"wp-block-group alignfull taksinostot\"><div class=\"wp-block-group__inner-container is-layout-constrained wp-block-group-is-layout-constrained\">\n<div class=\"wp-block-columns alignfull taksinostot is-layout-flex wp-container-core-columns-is-layout-9d6595d7 wp-block-columns-is-layout-flex\">\n<div class=\"wp-block-column is-layout-flow wp-block-column-is-layout-flow\">\n<div class=\"wp-block-cover has-custom-content-position is-position-bottom-right\"><img loading=\"lazy\" decoding=\"async\" width=\"1824\" height=\"1368\" class=\"wp-block-cover__image-background wp-image-3964\" alt=\"\" src=\"https:\/\/taxijessica.fi\/wp-content\/uploads\/2023\/05\/sprinter-2.jpg\" data-object-fit=\"cover\" srcset=\"https:\/\/taxijessica.fi\/wp-content\/uploads\/2023\/05\/sprinter-2.jpg 1824w, https:\/\/taxijessica.fi\/wp-content\/uploads\/2023\/05\/sprinter-2-300x225.jpg 300w, https:\/\/taxijessica.fi\/wp-content\/uploads\/2023\/05\/sprinter-2-1024x768.jpg 1024w, https:\/\/taxijessica.fi\/wp-content\/uploads\/2023\/05\/sprinter-2-768x576.jpg 768w, https:\/\/taxijessica.fi\/wp-content\/uploads\/2023\/05\/sprinter-2-1536x1152.jpg 1536w\" sizes=\"auto, (max-width: 1824px) 100vw, 1824px\" \/><span aria-hidden=\"true\" class=\"wp-block-cover__background has-background-dim-40 has-background-dim\"><\/span><div class=\"wp-block-cover__inner-container is-layout-flow wp-block-cover-is-layout-flow\">\n<div class=\"wp-block-buttons is-content-justification-center is-layout-flex wp-container-core-buttons-is-layout-5e6b19ed wp-block-buttons-is-layout-flex\">\n<div class=\"wp-block-button has-custom-width wp-block-button__width-100\"><a class=\"wp-block-button__link wp-element-button\" href=\"https:\/\/taxijessica.fi\/en\/taxi-services-hanko\/\">Taxi services<br>Hanko<\/a><\/div>\n<\/div>\n<\/div><\/div>\n<\/div>\n\n\n\n<div class=\"wp-block-column is-layout-flow wp-block-column-is-layout-flow\">\n<div class=\"wp-block-cover is-light has-custom-content-position is-position-bottom-right\"><img loading=\"lazy\" decoding=\"async\" width=\"2560\" height=\"1152\" class=\"wp-block-cover__image-background wp-image-4022\" alt=\"\" src=\"https:\/\/taxijessica.fi\/wp-content\/uploads\/2023\/05\/1655386299733-scaled.jpg\" data-object-fit=\"cover\" srcset=\"https:\/\/taxijessica.fi\/wp-content\/uploads\/2023\/05\/1655386299733-scaled.jpg 2560w, https:\/\/taxijessica.fi\/wp-content\/uploads\/2023\/05\/1655386299733-300x135.jpg 300w, https:\/\/taxijessica.fi\/wp-content\/uploads\/2023\/05\/1655386299733-1024x461.jpg 1024w, https:\/\/taxijessica.fi\/wp-content\/uploads\/2023\/05\/1655386299733-768x346.jpg 768w, https:\/\/taxijessica.fi\/wp-content\/uploads\/2023\/05\/1655386299733-1536x691.jpg 1536w, https:\/\/taxijessica.fi\/wp-content\/uploads\/2023\/05\/1655386299733-2048x922.jpg 2048w\" sizes=\"auto, (max-width: 2560px) 100vw, 2560px\" \/><span aria-hidden=\"true\" class=\"wp-block-cover__background has-background-dim-40 has-background-dim\"><\/span><div class=\"wp-block-cover__inner-container is-layout-flow wp-block-cover-is-layout-flow\">\n<div class=\"wp-block-buttons is-content-justification-center is-layout-flex wp-container-core-buttons-is-layout-5e6b19ed wp-block-buttons-is-layout-flex\">\n<div class=\"wp-block-button has-custom-width wp-block-button__width-100\"><a class=\"wp-block-button__link wp-element-button\" href=\"https:\/\/taxijessica.fi\/en\/taxi-services-raasepori\/\">Taxi services<br>Raasepori<\/a><\/div>\n<\/div>\n<\/div><\/div>\n<\/div>\n\n\n\n<div class=\"wp-block-column is-layout-flow wp-block-column-is-layout-flow\">\n<div class=\"wp-block-cover has-custom-content-position is-position-bottom-right\"><img loading=\"lazy\" decoding=\"async\" width=\"1925\" height=\"2560\" class=\"wp-block-cover__image-background wp-image-3954\" alt=\"\" src=\"https:\/\/taxijessica.fi\/wp-content\/uploads\/2023\/05\/img20221119213725-scaled.jpg\" style=\"object-position:50% 100%\" data-object-fit=\"cover\" data-object-position=\"50% 100%\" srcset=\"https:\/\/taxijessica.fi\/wp-content\/uploads\/2023\/05\/img20221119213725-scaled.jpg 1925w, https:\/\/taxijessica.fi\/wp-content\/uploads\/2023\/05\/img20221119213725-226x300.jpg 226w, https:\/\/taxijessica.fi\/wp-content\/uploads\/2023\/05\/img20221119213725-770x1024.jpg 770w, https:\/\/taxijessica.fi\/wp-content\/uploads\/2023\/05\/img20221119213725-768x1021.jpg 768w, https:\/\/taxijessica.fi\/wp-content\/uploads\/2023\/05\/img20221119213725-1155x1536.jpg 1155w, https:\/\/taxijessica.fi\/wp-content\/uploads\/2023\/05\/img20221119213725-1540x2048.jpg 1540w\" sizes=\"auto, (max-width: 1925px) 100vw, 1925px\" \/><span aria-hidden=\"true\" class=\"wp-block-cover__background has-background-dim-40 has-background-dim\"><\/span><div class=\"wp-block-cover__inner-container is-layout-flow wp-block-cover-is-layout-flow\">\n<div class=\"wp-block-buttons is-content-justification-center is-layout-flex wp-container-core-buttons-is-layout-5e6b19ed wp-block-buttons-is-layout-flex\">\n<div class=\"wp-block-button has-custom-width wp-block-button__width-100\"><a class=\"wp-block-button__link wp-element-button\" href=\"https:\/\/taxijessica.fi\/en\/taxi-services-kittila-levi\/\">Taxi services<br>Kittil\u00e4-Levi<\/a><\/div>\n<\/div>\n<\/div><\/div>\n<\/div>\n\n\n\n<div class=\"wp-block-column is-layout-flow wp-block-column-is-layout-flow\">\n<div class=\"wp-block-cover has-custom-content-position is-position-bottom-right\"><img loading=\"lazy\" decoding=\"async\" width=\"2560\" height=\"1925\" class=\"wp-block-cover__image-background wp-image-3951\" alt=\"\" src=\"https:\/\/taxijessica.fi\/wp-content\/uploads\/2023\/05\/img20221117153601-scaled.jpg\" data-object-fit=\"cover\" srcset=\"https:\/\/taxijessica.fi\/wp-content\/uploads\/2023\/05\/img20221117153601-scaled.jpg 2560w, https:\/\/taxijessica.fi\/wp-content\/uploads\/2023\/05\/img20221117153601-300x226.jpg 300w, https:\/\/taxijessica.fi\/wp-content\/uploads\/2023\/05\/img20221117153601-1024x770.jpg 1024w, https:\/\/taxijessica.fi\/wp-content\/uploads\/2023\/05\/img20221117153601-768x578.jpg 768w, https:\/\/taxijessica.fi\/wp-content\/uploads\/2023\/05\/img20221117153601-1536x1155.jpg 1536w, https:\/\/taxijessica.fi\/wp-content\/uploads\/2023\/05\/img20221117153601-2048x1540.jpg 2048w\" sizes=\"auto, (max-width: 2560px) 100vw, 2560px\" \/><span aria-hidden=\"true\" class=\"wp-block-cover__background has-background-dim-40 has-background-dim\"><\/span><div class=\"wp-block-cover__inner-container is-layout-flow wp-block-cover-is-layout-flow\">\n<div class=\"wp-block-buttons is-content-justification-center is-layout-flex wp-container-core-buttons-is-layout-5e6b19ed wp-block-buttons-is-layout-flex\">\n<div class=\"wp-block-button has-custom-width wp-block-button__width-100\"><a class=\"wp-block-button__link wp-element-button\" href=\"https:\/\/taxijessica.fi\/en\/taksipalvelut-akaslompolo-yllas\/\">Taxi services<br>\u00c4k\u00e4slompolo-Yll\u00e4s<\/a><\/div>\n<\/div>\n<\/div><\/div>\n<\/div>\n<\/div>\n<\/div><\/div>\n","protected":false},"excerpt":{"rendered":"<p>Charter traffic We offer all kinds of taxi trips and transport you comfortably, (We offer all kinds of transports and we will take you ) safely and reliably with our new and practical (utilirian) vehicles. You can choose from 11 passenger cars and 10 minivans. We strive to ensure that, as a customer, you always [&hellip;]<\/p>\n","protected":false},"author":1,"featured_media":0,"parent":0,"menu_order":0,"comment_status":"closed","ping_status":"closed","template":"","meta":{"_acf_changed":false,"footnotes":""},"class_list":["post-4713","page","type-page","status-publish","hentry"],"acf":[],"aioseo_notices":[],"_links":{"self":[{"href":"https:\/\/taxijessica.fi\/en\/wp-json\/wp\/v2\/pages\/4713","targetHints":{"allow":["GET"]}}],"collection":[{"href":"https:\/\/taxijessica.fi\/en\/wp-json\/wp\/v2\/pages"}],"about":[{"href":"https:\/\/taxijessica.fi\/en\/wp-json\/wp\/v2\/types\/page"}],"author":[{"embeddable":true,"href":"https:\/\/taxijessica.fi\/en\/wp-json\/wp\/v2\/users\/1"}],"replies":[{"embeddable":true,"href":"https:\/\/taxijessica.fi\/en\/wp-json\/wp\/v2\/comments?post=4713"}],"version-history":[{"count":2,"href":"https:\/\/taxijessica.fi\/en\/wp-json\/wp\/v2\/pages\/4713\/revisions"}],"predecessor-version":[{"id":5838,"href":"https:\/\/taxijessica.fi\/en\/wp-json\/wp\/v2\/pages\/4713\/revisions\/5838"}],"wp:attachment":[{"href":"https:\/\/taxijessica.fi\/en\/wp-json\/wp\/v2\/media?parent=4713"}],"curies":[{"name":"wp","href":"https:\/\/api.w.org\/{rel}","templated":true}]}}