{"id":4804,"date":"2024-03-13T19:17:31","date_gmt":"2024-03-13T17:17:31","guid":{"rendered":"https:\/\/taxijessica.fi\/saunalautta-hanko\/"},"modified":"2025-02-04T12:38:14","modified_gmt":"2025-02-04T10:38:14","slug":"rekrytering","status":"publish","type":"page","link":"https:\/\/taxijessica.fi\/sv\/rekrytering\/","title":{"rendered":"Rekrytering"},"content":{"rendered":"\r\n\r\n\r\n    <div class=\"swiper heroswiper alignfull\">\r\n        <!-- Additional required wrapper -->\r\n        <div class=\"swiper-wrapper\">\r\n            \n\r\n\r\n<section class=\"hero site-banner banner-bg-image section-default default alignfull image swiper-slide\">\r\n\r\n    <div class=\"site-banner-bg section-bg-image \" >\r\n\r\n        <img loading=\"lazy\" decoding=\"async\" width=\"2560\" height=\"1010\" src=\"https:\/\/taxijessica.fi\/wp-content\/uploads\/2023\/06\/shutterstock-2119370528-scaled.jpg\" class=\"attachment-1536\u00d71536 size-1536\u00d71536\" alt=\"\" srcset=\"https:\/\/taxijessica.fi\/wp-content\/uploads\/2023\/06\/shutterstock-2119370528-scaled.jpg 2560w, https:\/\/taxijessica.fi\/wp-content\/uploads\/2023\/06\/shutterstock-2119370528-300x118.jpg 300w, https:\/\/taxijessica.fi\/wp-content\/uploads\/2023\/06\/shutterstock-2119370528-1024x404.jpg 1024w, https:\/\/taxijessica.fi\/wp-content\/uploads\/2023\/06\/shutterstock-2119370528-768x303.jpg 768w, https:\/\/taxijessica.fi\/wp-content\/uploads\/2023\/06\/shutterstock-2119370528-1536x606.jpg 1536w, https:\/\/taxijessica.fi\/wp-content\/uploads\/2023\/06\/shutterstock-2119370528-2048x808.jpg 2048w\" sizes=\"auto, (max-width: 2560px) 100vw, 2560px\" \/>\r\n        \r\n            <div class=\"site-banner-content container\">\r\n                <div class=\"row w-100\">\r\n                    <div class=\"col-md-12\">\r\n\r\n                        <h2 class=\"hero-title\">Rekrytering<\/h2><div class=\"inner-content\">\r\n                            <div class=\"acf-innerblocks-container\"><\/div>\r\n                        <\/div>                    <\/div>\r\n                <\/div>\r\n            <\/div>\r\n        \r\n        <\/div><\/section>\n\n\r\n\r\n<section class=\"hero site-banner banner-bg-image section-default default alignfull image swiper-slide\">\r\n\r\n    <div class=\"site-banner-bg section-bg-image \" >\r\n\r\n        <img loading=\"lazy\" decoding=\"async\" width=\"2560\" height=\"1707\" src=\"https:\/\/taxijessica.fi\/wp-content\/uploads\/2023\/06\/shutterstock-2004613172-scaled.jpg\" class=\"attachment-1536\u00d71536 size-1536\u00d71536\" alt=\"\" srcset=\"https:\/\/taxijessica.fi\/wp-content\/uploads\/2023\/06\/shutterstock-2004613172-scaled.jpg 2560w, https:\/\/taxijessica.fi\/wp-content\/uploads\/2023\/06\/shutterstock-2004613172-300x200.jpg 300w, https:\/\/taxijessica.fi\/wp-content\/uploads\/2023\/06\/shutterstock-2004613172-1024x683.jpg 1024w, https:\/\/taxijessica.fi\/wp-content\/uploads\/2023\/06\/shutterstock-2004613172-768x512.jpg 768w, https:\/\/taxijessica.fi\/wp-content\/uploads\/2023\/06\/shutterstock-2004613172-1536x1024.jpg 1536w, https:\/\/taxijessica.fi\/wp-content\/uploads\/2023\/06\/shutterstock-2004613172-2048x1365.jpg 2048w\" sizes=\"auto, (max-width: 2560px) 100vw, 2560px\" \/>\r\n        \r\n            <div class=\"site-banner-content container\">\r\n                <div class=\"row w-100\">\r\n                    <div class=\"col-md-12\">\r\n\r\n                        <h2 class=\"hero-title\">Rekrytering<\/h2><div class=\"inner-content\">\r\n                            <div class=\"acf-innerblocks-container\"><\/div>\r\n                        <\/div>                    <\/div>\r\n                <\/div>\r\n            <\/div>\r\n        \r\n        <\/div><\/section>\n\n\r\n\r\n<section class=\"hero site-banner banner-bg-image section-default default alignfull image swiper-slide\">\r\n\r\n    <div class=\"site-banner-bg section-bg-image \" >\r\n\r\n        <img loading=\"lazy\" decoding=\"async\" width=\"2048\" height=\"1365\" src=\"https:\/\/taxijessica.fi\/wp-content\/uploads\/2023\/06\/hango-natstorlek-3.jpg\" class=\"attachment-1536\u00d71536 size-1536\u00d71536\" alt=\"\" srcset=\"https:\/\/taxijessica.fi\/wp-content\/uploads\/2023\/06\/hango-natstorlek-3.jpg 2048w, https:\/\/taxijessica.fi\/wp-content\/uploads\/2023\/06\/hango-natstorlek-3-300x200.jpg 300w, https:\/\/taxijessica.fi\/wp-content\/uploads\/2023\/06\/hango-natstorlek-3-1024x683.jpg 1024w, https:\/\/taxijessica.fi\/wp-content\/uploads\/2023\/06\/hango-natstorlek-3-768x512.jpg 768w, https:\/\/taxijessica.fi\/wp-content\/uploads\/2023\/06\/hango-natstorlek-3-1536x1024.jpg 1536w\" sizes=\"auto, (max-width: 2048px) 100vw, 2048px\" \/>\r\n        \r\n            <div class=\"site-banner-content container\">\r\n                <div class=\"row w-100\">\r\n                    <div class=\"col-md-12\">\r\n\r\n                        <h2 class=\"hero-title\">Rekrytering<\/h2><div class=\"inner-content\">\r\n                            <div class=\"acf-innerblocks-container\"><\/div>\r\n                        <\/div>                    <\/div>\r\n                <\/div>\r\n            <\/div>\r\n        \r\n        <\/div><\/section>\n        <\/div>\r\n        <!-- If we need pagination -->\r\n        \r\n        <!-- If we need navigation buttons -->\r\n        \r\n    <\/div>\r\n\r\n    \r\n\n\n\n<div class=\"wp-block-group alignfull pariton\"><div class=\"wp-block-group__inner-container is-layout-constrained wp-block-group-is-layout-constrained\"><div class=\"image-and-text wp-block alignfull has-media-on-the-left\">\r\n<div class=\"row\">\r\n    <div class=\"col-12 col-md-5 image-col\">\r\n\r\n        <img loading=\"lazy\" decoding=\"async\" width=\"800\" height=\"600\" src=\"https:\/\/taxijessica.fi\/wp-content\/uploads\/2023\/05\/img-20210528-154505-edit-284405667313372-1-1024x768.jpg\" class=\"attachment-large size-large\" alt=\"G-EW2W4GNRH4\" srcset=\"https:\/\/taxijessica.fi\/wp-content\/uploads\/2023\/05\/img-20210528-154505-edit-284405667313372-1-1024x768.jpg 1024w, https:\/\/taxijessica.fi\/wp-content\/uploads\/2023\/05\/img-20210528-154505-edit-284405667313372-1-300x225.jpg 300w, https:\/\/taxijessica.fi\/wp-content\/uploads\/2023\/05\/img-20210528-154505-edit-284405667313372-1-768x576.jpg 768w, https:\/\/taxijessica.fi\/wp-content\/uploads\/2023\/05\/img-20210528-154505-edit-284405667313372-1-1536x1152.jpg 1536w, https:\/\/taxijessica.fi\/wp-content\/uploads\/2023\/05\/img-20210528-154505-edit-284405667313372-1-2048x1536.jpg 2048w\" sizes=\"auto, (max-width: 800px) 100vw, 800px\" \/>    <\/div>\r\n\r\n    <div class=\"col-12 col-md-7 text-col\"><div class=\"acf-innerblocks-container\">\n\n<p><strong>S\u00f6k jobb hos oss. <\/strong><\/p>\n\n\n\n<p>Vi s\u00f6ker chauff\u00f6rer i Hang\u00f6 och Eken\u00e4s. Den soliga och havsn\u00e4ra badorten Hang\u00f6, Finlands Saint Tropez, beh\u00f6ver nya och flera ivriga taxichauff\u00f6rer. <\/p>\n\n\n\n<p>Det finns arbete i 2-skift i Hang\u00f6 och Eken\u00e4s omr\u00e5de. S\u00e4songsjobb och fler fasta jobb finns. L\u00f6nen \u00e4r en bra, provision och m\u00f6jligheter till god f\u00f6rtj\u00e4nst. <\/p>\n\n\n\n<p>Hang\u00f6 och Eken\u00e4s erbjuder en idealisk milj\u00f6 f\u00f6r att njuta av sommar och livlig turism. Det finns platser f\u00f6r bra taxichauff\u00f6rer i v\u00e5rt team. <\/p>\n\n\n\n<p>I ditt arbete \u00e4r du samvetsgrann, noggrann och stresst\u00e5lig. Kundtj\u00e4nst \u00e4r en stor del av det h\u00e4r jobbet och ett gott sinne f\u00f6r humor och kommunikationsf\u00f6rm\u00e5ga \u00e4r din f\u00f6rdel. \u00c4ven om individuell prestation \u00e4r en betydande del av Taxijobbet har du \u00e4ven \u00f6ga f\u00f6r bra teamwork.<\/p>\n\n\n\n<p><br>Spr\u00e5kkravet \u00e4r finska och det skulle \u00e4ven vara bra att kunna svenska och engelska. <\/p>\n\n\n\n<p>Tj\u00e4nsten kr\u00e4ver taxik\u00f6rkort och det skulle vara bra att vara uppdaterad med FPA-kurserna. <\/p>\n\n\n\n<p class=\"has-text-align-left\">Om du \u00e4r ny p\u00e5 branchen, fundera inte, vi hj\u00e4lper dig att komma ig\u00e5ng och skolar upp dig. <\/p>\n\n\n\n<p>Kontakta oss och ta tillf\u00e4llet i akt. <\/p>\n\n\n\n<p><\/p>\n\n\n\n<p><strong>Inga WhatsApp-kontakter!<\/strong> <\/p>\n\n\n\n<p>Ring Jessica: 0456339422 <\/p>\n\n\n\n<p>eller skicka ett mail.<\/p>\n\n\n\n<p><a href=\"mailto:taksijessica@gmail.com\">taksijessica@gmail.com<\/a><\/p>\n\n\n\n<p><\/p>\n\n\n\n<p><\/p>\n\n<\/div>\r\n<\/div>\r\n<\/div>\r\n<\/div><\/div><\/div>\n\n\n\n<div class=\"wp-block-group alignfull has-medium-font-size\"><div class=\"wp-block-group__inner-container is-layout-constrained wp-block-group-is-layout-constrained\">\n<div class=\"wp-block-columns alignfull is-style-narrow has-light-gray-background-color has-background is-layout-flex wp-container-core-columns-is-layout-9d6595d7 wp-block-columns-is-layout-flex\">\n<div class=\"wp-block-column is-vertically-aligned-top is-layout-flow wp-block-column-is-layout-flow\">\n<div class=\"wp-block-group\"><div class=\"wp-block-group__inner-container is-layout-constrained wp-block-group-is-layout-constrained\">\n<h2 class=\"wp-block-heading has-text-align-center otsikko\">Galleria<br><\/h2>\n<\/div><\/div>\n\n\n\n<div class=\"wp-block-columns is-layout-flex wp-container-core-columns-is-layout-9d6595d7 wp-block-columns-is-layout-flex\">\n<div class=\"wp-block-column is-layout-flow wp-block-column-is-layout-flow\" style=\"flex-basis:100%\"><\/div>\n<\/div>\n\n\n\n<figure class=\"wp-block-gallery has-nested-images columns-default is-cropped wp-block-gallery-1 is-layout-flex wp-block-gallery-is-layout-flex\">\n<figure class=\"wp-block-image size-large\"><a href=\"https:\/\/taxijessica.fi\/wp-content\/uploads\/2023\/05\/sprinter-2.jpg\"><img loading=\"lazy\" decoding=\"async\" width=\"1024\" height=\"768\" data-id=\"3964\" src=\"https:\/\/taxijessica.fi\/wp-content\/uploads\/2023\/05\/sprinter-2-1024x768.jpg\" alt=\"\" class=\"wp-image-3964\" srcset=\"https:\/\/taxijessica.fi\/wp-content\/uploads\/2023\/05\/sprinter-2-1024x768.jpg 1024w, https:\/\/taxijessica.fi\/wp-content\/uploads\/2023\/05\/sprinter-2-300x225.jpg 300w, https:\/\/taxijessica.fi\/wp-content\/uploads\/2023\/05\/sprinter-2-768x576.jpg 768w, https:\/\/taxijessica.fi\/wp-content\/uploads\/2023\/05\/sprinter-2-1536x1152.jpg 1536w, https:\/\/taxijessica.fi\/wp-content\/uploads\/2023\/05\/sprinter-2.jpg 1824w\" sizes=\"auto, (max-width: 1024px) 100vw, 1024px\" \/><\/a><\/figure>\n\n\n\n<figure class=\"wp-block-image size-large\"><a href=\"https:\/\/taxijessica.fi\/wp-content\/uploads\/2023\/05\/1655386299722-scaled.jpg\"><img loading=\"lazy\" decoding=\"async\" width=\"1024\" height=\"461\" data-id=\"4020\" src=\"https:\/\/taxijessica.fi\/wp-content\/uploads\/2023\/05\/1655386299722-1024x461.jpg\" alt=\"\" class=\"wp-image-4020\" srcset=\"https:\/\/taxijessica.fi\/wp-content\/uploads\/2023\/05\/1655386299722-1024x461.jpg 1024w, https:\/\/taxijessica.fi\/wp-content\/uploads\/2023\/05\/1655386299722-300x135.jpg 300w, https:\/\/taxijessica.fi\/wp-content\/uploads\/2023\/05\/1655386299722-768x346.jpg 768w, https:\/\/taxijessica.fi\/wp-content\/uploads\/2023\/05\/1655386299722-1536x691.jpg 1536w, https:\/\/taxijessica.fi\/wp-content\/uploads\/2023\/05\/1655386299722-2048x922.jpg 2048w\" sizes=\"auto, (max-width: 1024px) 100vw, 1024px\" \/><\/a><\/figure>\n\n\n\n<figure class=\"wp-block-image size-large\"><a href=\"https:\/\/taxijessica.fi\/wp-content\/uploads\/2024\/01\/festaritaxi.jpg\"><img loading=\"lazy\" decoding=\"async\" width=\"1024\" height=\"768\" data-id=\"5005\" src=\"https:\/\/taxijessica.fi\/wp-content\/uploads\/2024\/01\/festaritaxi-1024x768.jpg\" alt=\"\" class=\"wp-image-5005\" srcset=\"https:\/\/taxijessica.fi\/wp-content\/uploads\/2024\/01\/festaritaxi-1024x768.jpg 1024w, https:\/\/taxijessica.fi\/wp-content\/uploads\/2024\/01\/festaritaxi-300x225.jpg 300w, https:\/\/taxijessica.fi\/wp-content\/uploads\/2024\/01\/festaritaxi-768x576.jpg 768w, https:\/\/taxijessica.fi\/wp-content\/uploads\/2024\/01\/festaritaxi-1536x1152.jpg 1536w, https:\/\/taxijessica.fi\/wp-content\/uploads\/2024\/01\/festaritaxi.jpg 1600w\" sizes=\"auto, (max-width: 1024px) 100vw, 1024px\" \/><\/a><\/figure>\n\n\n\n<figure class=\"wp-block-image size-large\"><img loading=\"lazy\" decoding=\"async\" width=\"1024\" height=\"620\" data-id=\"4322\" src=\"https:\/\/taxijessica.fi\/wp-content\/uploads\/2023\/05\/taxi-jessica-gruppbild-ny-s-1024x620.jpg\" alt=\"\" class=\"wp-image-4322\" srcset=\"https:\/\/taxijessica.fi\/wp-content\/uploads\/2023\/05\/taxi-jessica-gruppbild-ny-s-1024x620.jpg 1024w, https:\/\/taxijessica.fi\/wp-content\/uploads\/2023\/05\/taxi-jessica-gruppbild-ny-s-300x182.jpg 300w, https:\/\/taxijessica.fi\/wp-content\/uploads\/2023\/05\/taxi-jessica-gruppbild-ny-s-768x465.jpg 768w, https:\/\/taxijessica.fi\/wp-content\/uploads\/2023\/05\/taxi-jessica-gruppbild-ny-s-1536x930.jpg 1536w, https:\/\/taxijessica.fi\/wp-content\/uploads\/2023\/05\/taxi-jessica-gruppbild-ny-s-2048x1240.jpg 2048w\" sizes=\"auto, (max-width: 1024px) 100vw, 1024px\" \/><\/figure>\n\n\n\n<figure class=\"wp-block-image size-large\"><img loading=\"lazy\" decoding=\"async\" width=\"1024\" height=\"770\" data-id=\"3955\" src=\"https:\/\/taxijessica.fi\/wp-content\/uploads\/2023\/05\/img20230106101553-1024x770.jpg\" alt=\"\" class=\"wp-image-3955\" srcset=\"https:\/\/taxijessica.fi\/wp-content\/uploads\/2023\/05\/img20230106101553-1024x770.jpg 1024w, https:\/\/taxijessica.fi\/wp-content\/uploads\/2023\/05\/img20230106101553-300x226.jpg 300w, https:\/\/taxijessica.fi\/wp-content\/uploads\/2023\/05\/img20230106101553-768x578.jpg 768w, https:\/\/taxijessica.fi\/wp-content\/uploads\/2023\/05\/img20230106101553-1536x1155.jpg 1536w, https:\/\/taxijessica.fi\/wp-content\/uploads\/2023\/05\/img20230106101553-2048x1540.jpg 2048w\" sizes=\"auto, (max-width: 1024px) 100vw, 1024px\" \/><\/figure>\n\n\n\n<figure class=\"wp-block-image size-large\"><img loading=\"lazy\" decoding=\"async\" width=\"1024\" height=\"461\" data-id=\"4022\" src=\"https:\/\/taxijessica.fi\/wp-content\/uploads\/2023\/05\/1655386299733-1024x461.jpg\" alt=\"\" class=\"wp-image-4022\" srcset=\"https:\/\/taxijessica.fi\/wp-content\/uploads\/2023\/05\/1655386299733-1024x461.jpg 1024w, https:\/\/taxijessica.fi\/wp-content\/uploads\/2023\/05\/1655386299733-300x135.jpg 300w, https:\/\/taxijessica.fi\/wp-content\/uploads\/2023\/05\/1655386299733-768x346.jpg 768w, https:\/\/taxijessica.fi\/wp-content\/uploads\/2023\/05\/1655386299733-1536x691.jpg 1536w, https:\/\/taxijessica.fi\/wp-content\/uploads\/2023\/05\/1655386299733-2048x922.jpg 2048w\" sizes=\"auto, (max-width: 1024px) 100vw, 1024px\" \/><\/figure>\n<\/figure>\n<\/div>\n<\/div>\n<\/div><\/div>\n","protected":false},"excerpt":{"rendered":"<p>Galleria<\/p>\n","protected":false},"author":1,"featured_media":0,"parent":0,"menu_order":0,"comment_status":"closed","ping_status":"closed","template":"","meta":{"_acf_changed":false,"footnotes":""},"class_list":["post-4804","page","type-page","status-publish","hentry"],"acf":[],"aioseo_notices":[],"_links":{"self":[{"href":"https:\/\/taxijessica.fi\/sv\/wp-json\/wp\/v2\/pages\/4804","targetHints":{"allow":["GET"]}}],"collection":[{"href":"https:\/\/taxijessica.fi\/sv\/wp-json\/wp\/v2\/pages"}],"about":[{"href":"https:\/\/taxijessica.fi\/sv\/wp-json\/wp\/v2\/types\/page"}],"author":[{"embeddable":true,"href":"https:\/\/taxijessica.fi\/sv\/wp-json\/wp\/v2\/users\/1"}],"replies":[{"embeddable":true,"href":"https:\/\/taxijessica.fi\/sv\/wp-json\/wp\/v2\/comments?post=4804"}],"version-history":[{"count":9,"href":"https:\/\/taxijessica.fi\/sv\/wp-json\/wp\/v2\/pages\/4804\/revisions"}],"predecessor-version":[{"id":5120,"href":"https:\/\/taxijessica.fi\/sv\/wp-json\/wp\/v2\/pages\/4804\/revisions\/5120"}],"wp:attachment":[{"href":"https:\/\/taxijessica.fi\/sv\/wp-json\/wp\/v2\/media?parent=4804"}],"curies":[{"name":"wp","href":"https:\/\/api.w.org\/{rel}","templated":true}]}}