{"id":4806,"date":"2023-05-10T08:37:04","date_gmt":"2023-05-10T05:37:04","guid":{"rendered":"https:\/\/taxijessica.fi\/taksipalvelut-hanko\/"},"modified":"2025-01-04T12:56:01","modified_gmt":"2025-01-04T10:56:01","slug":"taxitjanster-hango","status":"publish","type":"page","link":"https:\/\/taxijessica.fi\/sv\/taxitjanster-hango\/","title":{"rendered":"Taxitj\u00e4nster &#8211; Hang\u00f6"},"content":{"rendered":"\r\n\r\n\r\n    <div class=\"swiper heroswiper alignfull\">\r\n        <!-- Additional required wrapper -->\r\n        <div class=\"swiper-wrapper\">\r\n            \n\r\n\r\n<section class=\"hero site-banner banner-bg-image section-default default alignfull image swiper-slide\">\r\n\r\n    <div class=\"site-banner-bg section-bg-image ob-position\" style=\"object-position: 50% 45%\" >\r\n\r\n        <img loading=\"lazy\" decoding=\"async\" width=\"2048\" height=\"1365\" src=\"https:\/\/taxijessica.fi\/wp-content\/uploads\/2023\/06\/hango-natstorlek-3.jpg\" class=\"attachment-1536\u00d71536 size-1536\u00d71536\" alt=\"\" srcset=\"https:\/\/taxijessica.fi\/wp-content\/uploads\/2023\/06\/hango-natstorlek-3.jpg 2048w, https:\/\/taxijessica.fi\/wp-content\/uploads\/2023\/06\/hango-natstorlek-3-300x200.jpg 300w, https:\/\/taxijessica.fi\/wp-content\/uploads\/2023\/06\/hango-natstorlek-3-1024x683.jpg 1024w, https:\/\/taxijessica.fi\/wp-content\/uploads\/2023\/06\/hango-natstorlek-3-768x512.jpg 768w, https:\/\/taxijessica.fi\/wp-content\/uploads\/2023\/06\/hango-natstorlek-3-1536x1024.jpg 1536w\" sizes=\"auto, (max-width: 2048px) 100vw, 2048px\" \/>\r\n        \r\n            <div class=\"site-banner-content container\">\r\n                <div class=\"row w-100\">\r\n                    <div class=\"col-md-12\">\r\n\r\n                        <h2 class=\"hero-title\">Taxitj\u00e4nster &#8211; Hang\u00f6<\/h2><div class=\"inner-content\">\r\n                            <div class=\"acf-innerblocks-container\">\n\n<div class=\"wp-block-button\"><a class=\"wp-block-button__link wp-element-button\" href=\"tel:+358400613400\">Ring en taxi<\/a><\/div>\n\n\n\n<div class=\"wp-block-button\"><a class=\"wp-block-button__link wp-element-button\" href=\"https:\/\/taxijessica.fi\/sv\/forbestallning\/\">F\u00f6rboka<\/a><\/div>\n\n<\/div>\r\n                        <\/div>                    <\/div>\r\n                <\/div>\r\n            <\/div>\r\n        \r\n        <\/div><\/section>\n\n\r\n\r\n<section class=\"hero site-banner banner-bg-image section-default default alignfull image swiper-slide\">\r\n\r\n    <div class=\"site-banner-bg section-bg-image \" >\r\n\r\n        <img loading=\"lazy\" decoding=\"async\" width=\"2048\" height=\"1365\" src=\"https:\/\/taxijessica.fi\/wp-content\/uploads\/2023\/06\/hango-natstorlek-4.jpg\" class=\"attachment-1536\u00d71536 size-1536\u00d71536\" alt=\"\" srcset=\"https:\/\/taxijessica.fi\/wp-content\/uploads\/2023\/06\/hango-natstorlek-4.jpg 2048w, https:\/\/taxijessica.fi\/wp-content\/uploads\/2023\/06\/hango-natstorlek-4-300x200.jpg 300w, https:\/\/taxijessica.fi\/wp-content\/uploads\/2023\/06\/hango-natstorlek-4-1024x683.jpg 1024w, https:\/\/taxijessica.fi\/wp-content\/uploads\/2023\/06\/hango-natstorlek-4-768x512.jpg 768w, https:\/\/taxijessica.fi\/wp-content\/uploads\/2023\/06\/hango-natstorlek-4-1536x1024.jpg 1536w\" sizes=\"auto, (max-width: 2048px) 100vw, 2048px\" \/>\r\n        \r\n            <div class=\"site-banner-content container\">\r\n                <div class=\"row w-100\">\r\n                    <div class=\"col-md-12\">\r\n\r\n                        <h2 class=\"hero-title\">Taxitj\u00e4nster &#8211; Hang\u00f6<\/h2><div class=\"inner-content\">\r\n                            <div class=\"acf-innerblocks-container\">\n\n<div class=\"wp-block-button\"><a class=\"wp-block-button__link wp-element-button\" href=\"tel:+358400613400\">Ring en taxi<\/a><\/div>\n\n\n\n<div class=\"wp-block-button\"><a class=\"wp-block-button__link wp-element-button\" href=\"https:\/\/taxijessica.fi\/sv\/forbestallning\/\">F\u00f6rboka<\/a><\/div>\n\n<\/div>\r\n                        <\/div>                    <\/div>\r\n                <\/div>\r\n            <\/div>\r\n        \r\n        <\/div><\/section>\n\n\r\n\r\n<section class=\"hero site-banner banner-bg-image section-default default alignfull image swiper-slide\">\r\n\r\n    <div class=\"site-banner-bg section-bg-image \" >\r\n\r\n        <img loading=\"lazy\" decoding=\"async\" width=\"2560\" height=\"1707\" src=\"https:\/\/taxijessica.fi\/wp-content\/uploads\/2023\/06\/shutterstock-2004613172-scaled.jpg\" class=\"attachment-1536\u00d71536 size-1536\u00d71536\" alt=\"\" srcset=\"https:\/\/taxijessica.fi\/wp-content\/uploads\/2023\/06\/shutterstock-2004613172-scaled.jpg 2560w, https:\/\/taxijessica.fi\/wp-content\/uploads\/2023\/06\/shutterstock-2004613172-300x200.jpg 300w, https:\/\/taxijessica.fi\/wp-content\/uploads\/2023\/06\/shutterstock-2004613172-1024x683.jpg 1024w, https:\/\/taxijessica.fi\/wp-content\/uploads\/2023\/06\/shutterstock-2004613172-768x512.jpg 768w, https:\/\/taxijessica.fi\/wp-content\/uploads\/2023\/06\/shutterstock-2004613172-1536x1024.jpg 1536w, https:\/\/taxijessica.fi\/wp-content\/uploads\/2023\/06\/shutterstock-2004613172-2048x1365.jpg 2048w\" sizes=\"auto, (max-width: 2560px) 100vw, 2560px\" \/>\r\n        \r\n            <div class=\"site-banner-content container\">\r\n                <div class=\"row w-100\">\r\n                    <div class=\"col-md-12\">\r\n\r\n                        <h2 class=\"hero-title\">Taxitj\u00e4nster &#8211; Hang\u00f6<\/h2><div class=\"inner-content\">\r\n                            <div class=\"acf-innerblocks-container\">\n\n<div class=\"wp-block-button\"><a class=\"wp-block-button__link wp-element-button\" href=\"tel:+358400613400\">Ring en taxi<\/a><\/div>\n\n\n\n<div class=\"wp-block-button\"><a class=\"wp-block-button__link wp-element-button\" href=\"https:\/\/taxijessica.fi\/sv\/forbestallning\/\">F\u00f6rboka<\/a><\/div>\n\n<\/div>\r\n                        <\/div>                    <\/div>\r\n                <\/div>\r\n            <\/div>\r\n        \r\n        <\/div><\/section>\n        <\/div>\r\n        <!-- If we need pagination -->\r\n        \r\n        <!-- If we need navigation buttons -->\r\n        \r\n    <\/div>\r\n\r\n    \r\n\n\n\n<div class=\"wp-block-group alignfull pariton\"><div class=\"wp-block-group__inner-container is-layout-constrained wp-block-group-is-layout-constrained\"><div class=\"image-and-text wp-block alignfull has-media-on-the-left\">\r\n<div class=\"row\">\r\n    <div class=\"col-12 col-md-5 image-col\">\r\n\r\n        <img loading=\"lazy\" decoding=\"async\" width=\"800\" height=\"600\" src=\"https:\/\/taxijessica.fi\/wp-content\/uploads\/2023\/05\/sprinter-2-1024x768.jpg\" class=\"attachment-large size-large\" alt=\"\" srcset=\"https:\/\/taxijessica.fi\/wp-content\/uploads\/2023\/05\/sprinter-2-1024x768.jpg 1024w, https:\/\/taxijessica.fi\/wp-content\/uploads\/2023\/05\/sprinter-2-300x225.jpg 300w, https:\/\/taxijessica.fi\/wp-content\/uploads\/2023\/05\/sprinter-2-768x576.jpg 768w, https:\/\/taxijessica.fi\/wp-content\/uploads\/2023\/05\/sprinter-2-1536x1152.jpg 1536w, https:\/\/taxijessica.fi\/wp-content\/uploads\/2023\/05\/sprinter-2.jpg 1824w\" sizes=\"auto, (max-width: 800px) 100vw, 800px\" \/>    <\/div>\r\n\r\n    <div class=\"col-12 col-md-7 text-col\"><div class=\"acf-innerblocks-container\">\n\n<h2 class=\"wp-block-heading\">Taxijessica har betj\u00e4ntat kunder i Hang\u00f6 \u00e4nda sedan \u00e5r 2004.<\/h2>\n\n\n\n<p>H\u00e4r i soliga Hang\u00f6 \u00e4r vi alla redan du med varandra.<\/p>\n\n\n\n<p>Vi betj\u00e4nar 24\/7, oberoende av v\u00e4der och vind.<\/p>\n\n\n\n<p>V\u00e5r serviceinriktade chauff\u00f6rer betj\u00e4nar dig dygnet runt:<\/p>\n\n\n\n<p>Du kan ringa oss, anv\u00e4nda v\u00e5r applikation,&nbsp; skicka e-post eller f\u00f6rhandsboka oss f\u00f6r alla dina resor. Vart \u00e4n du \u00e4r p\u00e5 v\u00e4g, beg\u00e4r en offert!<\/p>\n\n\n\n<p>Att ringa kostar detsamma som den normala lokaln\u00e4tsavgiften.<br>V\u00e5r applikation \u00e4r helt gratis.<\/p>\n\n\n\n<p>Ni kan \u00e4ven best\u00e4lla FPA taxiskjutsar via oss.<\/p>\n\n\n\n<p>V\u00e5ra chauff\u00f6rer betj\u00e4nar er p\u00e5 finska, svenska och engelska.<\/p>\n\n\n\n<p>V\u00e4nligen anv\u00e4nd v\u00e5ra onlinetj\u00e4nster i f\u00f6rsta hand.<br>Vi f\u00f6rs\u00f6ker undvika best\u00e4llningar i upptagna e-postmeddelanden och undvika eventuella missf\u00f6rst\u00e5nd och m\u00e4nskliga fel i best\u00e4llningar.<\/p>\n\n\n\n<p><\/p>\n\n<\/div>\r\n<\/div>\r\n<\/div>\r\n<\/div><\/div><\/div>\n\n\n\n<div class=\"wp-block-cover alignfull matka-blog\" style=\"min-height:50px;aspect-ratio:unset;\"><span aria-hidden=\"true\" class=\"wp-block-cover__background has-background-dim-100 has-background-dim\" style=\"background-color:#3e5159\"><\/span><div class=\"wp-block-cover__inner-container is-layout-flow wp-block-cover-is-layout-flow\">\n<p class=\"has-text-align-center has-large-font-size\">Hos oss betalat du endast f\u00f6r resan!<\/p>\n<\/div><\/div>\n\n\n\n<div class=\"wp-block-columns is-layout-flex wp-container-core-columns-is-layout-9d6595d7 wp-block-columns-is-layout-flex\">\n<div class=\"wp-block-column has-light-gray-background-color has-background is-layout-flow wp-block-column-is-layout-flow\">\n<h2 class=\"wp-block-heading has-text-align-left\">Prislista<\/h2>\n\n\n\n<p><\/p>\n\n\n\n<table id=\"tablepress-5\" class=\"tablepress tablepress-id-5\">\n<tbody class=\"row-striping row-hover\">\n<tr class=\"row-1\">\n\t<td class=\"column-1\">1-4 pers<\/td><td class=\"column-2\">10\u20ac+1,30\u20ac\/km+1,20\u20ac\/min<\/td>\n<\/tr>\n<tr class=\"row-2\">\n\t<td class=\"column-1\">5-8 pers<\/td><td class=\"column-2\">10\u20ac+2,0\u20ac\/km+1,20\u20ac\/min<\/td>\n<\/tr>\n<tr class=\"row-3\">\n\t<td class=\"column-1\">F\u00f6rhandsbest\u00e4llning<\/td><td class=\"column-2\">0\u20ac<\/td>\n<\/tr>\n<tr class=\"row-4\">\n\t<td class=\"column-1\">Avbokning<\/td><td class=\"column-2\">0\u20ac<\/td>\n<\/tr>\n<tr class=\"row-5\">\n\t<td class=\"column-1\">Flygplatstill\u00e4gg<\/td><td class=\"column-2\">0\u20ac<\/td>\n<\/tr>\n<tr class=\"row-6\">\n\t<td class=\"column-1\">Bagage<\/td><td class=\"column-2\">0\u20ac<\/td>\n<\/tr>\n<tr class=\"row-7\">\n\t<td class=\"column-1\">Barnstol<\/td><td class=\"column-2\">10\u20ac<\/td>\n<\/tr>\n<tr class=\"row-8\">\n\t<td class=\"column-1\">Sl\u00e4pvagn<\/td><td class=\"column-2\">10\u20ac<\/td>\n<\/tr>\n<tr class=\"row-9\">\n\t<td class=\"column-1\">VIP<\/td><td class=\"column-2\">30\u20ac<\/td>\n<\/tr>\n<tr class=\"row-10\">\n\t<td class=\"column-1\">Premium<\/td><td class=\"column-2\">30\u20ac<\/td>\n<\/tr>\n<\/tbody>\n<\/table>\n<!-- #tablepress-5 from cache -->\n<\/div>\n\n\n\n<div class=\"wp-block-column has-light-gray-background-color has-background is-layout-flow wp-block-column-is-layout-flow\" id=\"ennakko\">\n<h2 class=\"wp-block-heading\">F\u00f6rfr\u00e5gningar om pris:<\/h2>\n\n\n\n<p>N\u00e4r du planerar en resa och vill veta priset p\u00e5 din resa i f\u00f6rv\u00e4g.<\/p>\n\n\n\n<p>Fyll i upph\u00e4mtningsadress och destinationsadress. V\u00e4lj 4-sitsig personbil eller 8-sitsig minivan. Det uppskattade priset f\u00f6r din resa kommer att anges under destinationsadressen och genom att fylla i dina andra uppgifter kan du ocks\u00e5 boka transporten samtidigt.<\/p>\n\n\n\n<p>Om du bara vill veta priset, v\u00e4nligen skicka inte en best\u00e4llning. Den skickade best\u00e4llningen kommer automatiskt att \u00f6verf\u00f6ras till v\u00e5rt system.<\/p>\n\n\n\n<div class=\"wp-block-buttons is-layout-flex wp-block-buttons-is-layout-flex\">\n<div class=\"wp-block-button\"><a class=\"wp-block-button__link wp-element-button\" href=\"https:\/\/taxijessica.fi\/sv\/forbestallning\/\"><strong>KLICKA H\u00c4R F\u00d6R EN PRISF\u00d6RFR\u00c5GAN<\/strong><\/a><\/div>\n<\/div>\n<\/div>\n<\/div>\n\n\n\n<div class=\"wp-block-cover alignfull is-light yhteys-kansi\"><span aria-hidden=\"true\" class=\"wp-block-cover__background has-background-dim\"><\/span><img loading=\"lazy\" decoding=\"async\" width=\"2560\" height=\"1010\" class=\"wp-block-cover__image-background wp-image-4434\" alt=\"\" src=\"https:\/\/taxijessica.fi\/wp-content\/uploads\/2023\/06\/shutterstock-2119370528-scaled.jpg\" data-object-fit=\"cover\" srcset=\"https:\/\/taxijessica.fi\/wp-content\/uploads\/2023\/06\/shutterstock-2119370528-scaled.jpg 2560w, https:\/\/taxijessica.fi\/wp-content\/uploads\/2023\/06\/shutterstock-2119370528-300x118.jpg 300w, https:\/\/taxijessica.fi\/wp-content\/uploads\/2023\/06\/shutterstock-2119370528-1024x404.jpg 1024w, https:\/\/taxijessica.fi\/wp-content\/uploads\/2023\/06\/shutterstock-2119370528-768x303.jpg 768w, https:\/\/taxijessica.fi\/wp-content\/uploads\/2023\/06\/shutterstock-2119370528-1536x606.jpg 1536w, https:\/\/taxijessica.fi\/wp-content\/uploads\/2023\/06\/shutterstock-2119370528-2048x808.jpg 2048w\" sizes=\"auto, (max-width: 2560px) 100vw, 2560px\" \/><div class=\"wp-block-cover__inner-container is-layout-flow wp-block-cover-is-layout-flow\">\n<p class=\"has-text-align-center has-large-font-size\">Ta kontakt<\/p>\n\n\n\n<div class=\"wp-block-columns is-layout-flex wp-container-core-columns-is-layout-9d6595d7 wp-block-columns-is-layout-flex\">\n<div class=\"wp-block-column is-layout-flow wp-block-column-is-layout-flow\">\n<div class=\"wp-block-buttons is-content-justification-center is-layout-flex wp-container-core-buttons-is-layout-16018d1d wp-block-buttons-is-layout-flex\">\n<div class=\"wp-block-button\"><a class=\"wp-block-button__link wp-element-button\" href=\"tel:+358400613400\">Ring en taxi<\/a><\/div>\n\n\n\n<div class=\"wp-block-button\"><a class=\"wp-block-button__link wp-element-button\" href=\"mailto:taksijessica@gmail.com\">Skicka ett email<\/a><\/div>\n<\/div>\n<\/div>\n<\/div>\n<\/div><\/div>\n","protected":false},"excerpt":{"rendered":"<p>Prislista F\u00f6rfr\u00e5gningar om pris: N\u00e4r du planerar en resa och vill veta priset p\u00e5 din resa i f\u00f6rv\u00e4g. Fyll i upph\u00e4mtningsadress och destinationsadress. V\u00e4lj 4-sitsig personbil eller 8-sitsig minivan. Det uppskattade priset f\u00f6r din resa kommer att anges under destinationsadressen och genom att fylla i dina andra uppgifter kan du ocks\u00e5 boka transporten samtidigt. Om [&hellip;]<\/p>\n","protected":false},"author":1,"featured_media":0,"parent":0,"menu_order":0,"comment_status":"closed","ping_status":"closed","template":"","meta":{"_acf_changed":false,"footnotes":""},"class_list":["post-4806","page","type-page","status-publish","hentry"],"acf":[],"aioseo_notices":[],"_links":{"self":[{"href":"https:\/\/taxijessica.fi\/sv\/wp-json\/wp\/v2\/pages\/4806","targetHints":{"allow":["GET"]}}],"collection":[{"href":"https:\/\/taxijessica.fi\/sv\/wp-json\/wp\/v2\/pages"}],"about":[{"href":"https:\/\/taxijessica.fi\/sv\/wp-json\/wp\/v2\/types\/page"}],"author":[{"embeddable":true,"href":"https:\/\/taxijessica.fi\/sv\/wp-json\/wp\/v2\/users\/1"}],"replies":[{"embeddable":true,"href":"https:\/\/taxijessica.fi\/sv\/wp-json\/wp\/v2\/comments?post=4806"}],"version-history":[{"count":7,"href":"https:\/\/taxijessica.fi\/sv\/wp-json\/wp\/v2\/pages\/4806\/revisions"}],"predecessor-version":[{"id":5633,"href":"https:\/\/taxijessica.fi\/sv\/wp-json\/wp\/v2\/pages\/4806\/revisions\/5633"}],"wp:attachment":[{"href":"https:\/\/taxijessica.fi\/sv\/wp-json\/wp\/v2\/media?parent=4806"}],"curies":[{"name":"wp","href":"https:\/\/api.w.org\/{rel}","templated":true}]}}