{"id":4807,"date":"2023-05-10T08:37:23","date_gmt":"2023-05-10T05:37:23","guid":{"rendered":"https:\/\/taxijessica.fi\/taksipalvelut-kittila-levi\/"},"modified":"2025-08-12T15:07:51","modified_gmt":"2025-08-12T12:07:51","slug":"taxitjanster-kittila-levi","status":"publish","type":"page","link":"https:\/\/taxijessica.fi\/sv\/taxitjanster-kittila-levi\/","title":{"rendered":"Taxitj\u00e4nster &#8211; Kittil\u00e4-Levi"},"content":{"rendered":"\r\n\r\n\r\n    <div class=\"swiper heroswiper alignfull\">\r\n        <!-- Additional required wrapper -->\r\n        <div class=\"swiper-wrapper\">\r\n            \n\r\n\r\n<section class=\"hero site-banner banner-bg-image section-default default alignfull image swiper-slide\">\r\n\r\n    <div class=\"site-banner-bg section-bg-image \" >\r\n\r\n        <img loading=\"lazy\" decoding=\"async\" width=\"2560\" height=\"1280\" src=\"https:\/\/taxijessica.fi\/wp-content\/uploads\/2023\/05\/shutterstock-317843735-scaled.jpg\" class=\"attachment-1536\u00d71536 size-1536\u00d71536\" alt=\"\" srcset=\"https:\/\/taxijessica.fi\/wp-content\/uploads\/2023\/05\/shutterstock-317843735-scaled.jpg 2560w, https:\/\/taxijessica.fi\/wp-content\/uploads\/2023\/05\/shutterstock-317843735-300x150.jpg 300w, https:\/\/taxijessica.fi\/wp-content\/uploads\/2023\/05\/shutterstock-317843735-1024x512.jpg 1024w, https:\/\/taxijessica.fi\/wp-content\/uploads\/2023\/05\/shutterstock-317843735-768x384.jpg 768w, https:\/\/taxijessica.fi\/wp-content\/uploads\/2023\/05\/shutterstock-317843735-1536x768.jpg 1536w, https:\/\/taxijessica.fi\/wp-content\/uploads\/2023\/05\/shutterstock-317843735-2048x1024.jpg 2048w\" sizes=\"auto, (max-width: 2560px) 100vw, 2560px\" \/>\r\n        \r\n            <div class=\"site-banner-content container\">\r\n                <div class=\"row w-100\">\r\n                    <div class=\"col-md-12\">\r\n\r\n                        <h2 class=\"hero-title\">Taxitj\u00e4nster &#8211; Kittil\u00e4-Levi<\/h2><div class=\"inner-content\">\r\n                            <div class=\"acf-innerblocks-container\">\n\n<div class=\"wp-block-button\"><a class=\"wp-block-button__link wp-element-button\" href=\"tel:+358400610113\">Ring en taxi<\/a><\/div>\n\n\n\n<div class=\"wp-block-button\"><a class=\"wp-block-button__link wp-element-button\" href=\"https:\/\/taxijessica.fi\/sv\/forbestallning-levi\/\">F\u00f6rboka<\/a><\/div>\n\n<\/div>\r\n                        <\/div>                    <\/div>\r\n                <\/div>\r\n            <\/div>\r\n        \r\n        <\/div><\/section>\n\n\r\n\r\n<section class=\"hero site-banner banner-bg-image section-default default alignfull image swiper-slide\">\r\n\r\n    <div class=\"site-banner-bg section-bg-image \" >\r\n\r\n        <img loading=\"lazy\" decoding=\"async\" width=\"2560\" height=\"1707\" src=\"https:\/\/taxijessica.fi\/wp-content\/uploads\/2023\/06\/shutterstock-2267671713-scaled.jpg\" class=\"attachment-1536\u00d71536 size-1536\u00d71536\" alt=\"\" srcset=\"https:\/\/taxijessica.fi\/wp-content\/uploads\/2023\/06\/shutterstock-2267671713-scaled.jpg 2560w, https:\/\/taxijessica.fi\/wp-content\/uploads\/2023\/06\/shutterstock-2267671713-300x200.jpg 300w, https:\/\/taxijessica.fi\/wp-content\/uploads\/2023\/06\/shutterstock-2267671713-1024x683.jpg 1024w, https:\/\/taxijessica.fi\/wp-content\/uploads\/2023\/06\/shutterstock-2267671713-768x512.jpg 768w, https:\/\/taxijessica.fi\/wp-content\/uploads\/2023\/06\/shutterstock-2267671713-1536x1024.jpg 1536w, https:\/\/taxijessica.fi\/wp-content\/uploads\/2023\/06\/shutterstock-2267671713-2048x1365.jpg 2048w\" sizes=\"auto, (max-width: 2560px) 100vw, 2560px\" \/>\r\n        \r\n            <div class=\"site-banner-content container\">\r\n                <div class=\"row w-100\">\r\n                    <div class=\"col-md-12\">\r\n\r\n                        <h2 class=\"hero-title\">Taxitj\u00e4nster &#8211; Kittil\u00e4-Levi<\/h2><div class=\"inner-content\">\r\n                            <div class=\"acf-innerblocks-container\">\n\n<div class=\"wp-block-button\"><a class=\"wp-block-button__link wp-element-button\" href=\"tel:+358400610113\">Ring en taxi<\/a><\/div>\n\n\n\n<div class=\"wp-block-button\"><a class=\"wp-block-button__link wp-element-button\" href=\"https:\/\/taxijessica.fi\/sv\/forbestallning-levi\/\">F\u00f6rboka<\/a><\/div>\n\n<\/div>\r\n                        <\/div>                    <\/div>\r\n                <\/div>\r\n            <\/div>\r\n        \r\n        <\/div><\/section>\n\n\r\n\r\n<section class=\"hero site-banner banner-bg-image section-default default alignfull image swiper-slide\">\r\n\r\n    <div class=\"site-banner-bg section-bg-image \" >\r\n\r\n        <img loading=\"lazy\" decoding=\"async\" width=\"2560\" height=\"1707\" src=\"https:\/\/taxijessica.fi\/wp-content\/uploads\/2023\/06\/shutterstock-2267670763-scaled.jpg\" class=\"attachment-1536\u00d71536 size-1536\u00d71536\" alt=\"\" srcset=\"https:\/\/taxijessica.fi\/wp-content\/uploads\/2023\/06\/shutterstock-2267670763-scaled.jpg 2560w, https:\/\/taxijessica.fi\/wp-content\/uploads\/2023\/06\/shutterstock-2267670763-300x200.jpg 300w, https:\/\/taxijessica.fi\/wp-content\/uploads\/2023\/06\/shutterstock-2267670763-1024x683.jpg 1024w, https:\/\/taxijessica.fi\/wp-content\/uploads\/2023\/06\/shutterstock-2267670763-768x512.jpg 768w, https:\/\/taxijessica.fi\/wp-content\/uploads\/2023\/06\/shutterstock-2267670763-1536x1024.jpg 1536w, https:\/\/taxijessica.fi\/wp-content\/uploads\/2023\/06\/shutterstock-2267670763-2048x1365.jpg 2048w\" sizes=\"auto, (max-width: 2560px) 100vw, 2560px\" \/>\r\n        \r\n            <div class=\"site-banner-content container\">\r\n                <div class=\"row w-100\">\r\n                    <div class=\"col-md-12\">\r\n\r\n                        <h2 class=\"hero-title\">Taxitj\u00e4nster &#8211; Kittil\u00e4-Levi<\/h2><div class=\"inner-content\">\r\n                            <div class=\"acf-innerblocks-container\">\n\n<div class=\"wp-block-button\"><a class=\"wp-block-button__link wp-element-button\" href=\"tel:+358400610113\">Ring en taxi<\/a><\/div>\n\n\n\n<div class=\"wp-block-button\"><a class=\"wp-block-button__link wp-element-button\" href=\"https:\/\/taxijessica.fi\/sv\/forbestallning-levi\/\">F\u00f6rboka<\/a><\/div>\n\n<\/div>\r\n                        <\/div>                    <\/div>\r\n                <\/div>\r\n            <\/div>\r\n        \r\n        <\/div><\/section>\n        <\/div>\r\n        <!-- If we need pagination -->\r\n        \r\n        <!-- If we need navigation buttons -->\r\n        \r\n    <\/div>\r\n\r\n    \r\n\n\n\n<div class=\"wp-block-group alignfull pariton\"><div class=\"wp-block-group__inner-container is-layout-constrained wp-block-group-is-layout-constrained\"><div class=\"image-and-text wp-block alignfull has-media-on-the-left\">\r\n<div class=\"row\">\r\n    <div class=\"col-12 col-md-5 image-col\">\r\n\r\n        <img loading=\"lazy\" decoding=\"async\" width=\"800\" height=\"534\" src=\"https:\/\/taxijessica.fi\/wp-content\/uploads\/2023\/05\/jessica-1024x684.jpg\" class=\"attachment-large size-large\" alt=\"\" srcset=\"https:\/\/taxijessica.fi\/wp-content\/uploads\/2023\/05\/jessica-1024x684.jpg 1024w, https:\/\/taxijessica.fi\/wp-content\/uploads\/2023\/05\/jessica-300x200.jpg 300w, https:\/\/taxijessica.fi\/wp-content\/uploads\/2023\/05\/jessica-768x513.jpg 768w, https:\/\/taxijessica.fi\/wp-content\/uploads\/2023\/05\/jessica-1536x1025.jpg 1536w, https:\/\/taxijessica.fi\/wp-content\/uploads\/2023\/05\/jessica-scaled.jpg 2048w\" sizes=\"auto, (max-width: 800px) 100vw, 800px\" \/>    <\/div>\r\n\r\n    <div class=\"col-12 col-md-7 text-col\"><div class=\"acf-innerblocks-container\">\n\n<h2 class=\"wp-block-heading\">Taxijessica, mer k\u00e4nd som Jessicas taxin i Levi.<\/h2>\n\n\n\n<p>Vi har betj\u00e4nat v\u00e5ra underbara kunder i Levi sedan \u00e5r 2020. V\u00e5r kundbetj\u00e4ning har f\u00e5tt m\u00e4ngder av fin respons och vi \u00e4r h\u00e4r f\u00f6r att stanna. Lappland har er\u00f6vrat v\u00e5ra hj\u00e4rtan och det har vi v\u00e5ra h\u00e4rliga kunder fr\u00e5n hela v\u00e4rlden att tacka f\u00f6r.<\/p>\n\n\n\n<p>V\u00e5r taxistation \u00e4r bel\u00e4gen mitt i Levis pulserande centrum.&nbsp; Naturligtvis k\u00f6r dig naturligtvis vart \u00e4n du vill \u00e5ka: till sev\u00e4rdheter, evenemang; f\u00f6r att sk\u00e5da norrsken, \u00e5ka slalom, uppleva Lapplands magi, beundra fj\u00e4llen, njuta av \u00f6demarkens tystnad eller delta i nattens n\u00f6jesliv.&nbsp; Vi finns d\u00e4r det h\u00e4nder och vi n\u00e5s alla tider p\u00e5 dygnet \u00e5ret runt.<\/p>\n\n\n\n<p>Under vinters\u00e4songen erbjuder vi dig ett brett urval av moderna stortaxin med plats f\u00f6r \u00e5tta personer. Vi har ocks\u00e5 personbilar av h\u00f6g kvalitet. Om du vill ha en mer personlig Premium eller en VIP- skjuts lyckas \u00e4ven det. Ocks\u00e5 p\u00e5 sommaren hittar du oss i Levi, vi betj\u00e4nar \u00e5ret om \u00e4ven om vi har fler bilar i trafik om vintern.<\/p>\n\n\n\n<p class=\"has-medium-font-size\"><\/p>\n\n\n\n<p class=\"has-medium-font-size\"><strong>Som nyhet n\u00e4sta vinter kan du nu ocks\u00e5 \u00e5ka med oss till Norge<\/strong>.<\/p>\n\n\n\n<p class=\"has-medium-font-size\"><strong>Vi \u00f6ppnar en shuttlebuslinje mellan Levi-Tromssa, Norge-Levi under vintern.<\/strong><\/p>\n\n\n\n<p class=\"has-medium-font-size\"><strong>Priser fr\u00e5n 120 \u20ac \/ person \/ enkel resa. Skicka ett e-postmeddelande till oss f\u00f6r mer information.<\/strong><\/p>\n\n\n\n<p><\/p>\n\n\n\n<p class=\"has-medium-font-size\">V\u00e4nligen anv\u00e4nd v\u00e5r f\u00f6rbest\u00e4llningstj\u00e4nst online.<\/p>\n\n\n\n<p class=\"has-medium-font-size\">F\u00f6r prisinformation, v\u00e4nligen fyll i din adress och biltyp.<\/p>\n\n\n\n<p class=\"has-medium-font-size\"><\/p>\n\n\n\n<p class=\"has-medium-font-size\">Br\u00e5dskande best\u00e4llningar direkt fr\u00e5n bilarna: +358400610113<\/p>\n\n\n\n<p>V\u00e5rt callcenter \u00e4r virtuellt och WhatsApp- och SMS-meddelanden levereras inte. S\u00e5 du kan n\u00e5 oss dygnet runt genom att ringa.<\/p>\n\n\n\n<p><\/p>\n\n<\/div>\r\n<\/div>\r\n<\/div>\r\n<\/div><\/div><\/div>\n\n\n\n<div class=\"wp-block-group alignfull parillinen\"><div class=\"wp-block-group__inner-container is-layout-constrained wp-block-group-is-layout-constrained\"><div class=\"image-and-text wp-block alignfull has-media-on-the-right\">\r\n<div class=\"row\">\r\n    <div class=\"col-12 col-md-5 image-col\">\r\n\r\n        <img loading=\"lazy\" decoding=\"async\" width=\"684\" height=\"1024\" src=\"https:\/\/taxijessica.fi\/wp-content\/uploads\/2024\/10\/bf0a509b-d217-4666-a0da-a7ec32051faf-684x1024.jpg\" class=\"attachment-large size-large\" alt=\"\" srcset=\"https:\/\/taxijessica.fi\/wp-content\/uploads\/2024\/10\/bf0a509b-d217-4666-a0da-a7ec32051faf-684x1024.jpg 684w, https:\/\/taxijessica.fi\/wp-content\/uploads\/2024\/10\/bf0a509b-d217-4666-a0da-a7ec32051faf-200x300.jpg 200w, https:\/\/taxijessica.fi\/wp-content\/uploads\/2024\/10\/bf0a509b-d217-4666-a0da-a7ec32051faf-768x1151.jpg 768w, https:\/\/taxijessica.fi\/wp-content\/uploads\/2024\/10\/bf0a509b-d217-4666-a0da-a7ec32051faf-1025x1536.jpg 1025w, https:\/\/taxijessica.fi\/wp-content\/uploads\/2024\/10\/bf0a509b-d217-4666-a0da-a7ec32051faf.jpg 1068w\" sizes=\"auto, (max-width: 684px) 100vw, 684px\" \/>    <\/div>\r\n\r\n    <div class=\"col-12 col-md-7 text-col\"><div class=\"acf-innerblocks-container\">\n\n<h2 class=\"wp-block-heading\">Boka en taxi n\u00e4r som helst och var som helst<\/h2>\n\n\n\n<p>Du kan ringa oss, anv\u00e4nda v\u00e5r applikation,&nbsp; skicka e-post eller f\u00f6rhandsboka oss f\u00f6r alla dina resor. Vart \u00e4n du \u00e4r p\u00e5 v\u00e4g, beg\u00e4r en offert!<\/p>\n\n\n\n<p>Att ringa kostar detsamma som den normala lokaln\u00e4tsavgiften.<br>V\u00e5r applikation \u00e4r helt gratis.<\/p>\n\n\n\n<p>P\u00e5 flygf\u00e4ltet v\u00e4ntar vi alltid p\u00e5 dig i aulan med ditt namn synligt p\u00e5 en skylt. V\u00e5ra chauff\u00f6rer kollar alltid upp att ditt flyg \u00e4r i tid och vi noterar f\u00f6rseningar s\u00e5 att vi m\u00f6ter dig vid r\u00e4tt tid.<\/p>\n\n\n\n<p>P\u00e5 t\u00e5gstationen m\u00f6ter vi dig p\u00e5 perrongen med en namnskylt<\/p>\n\n\n\n<p>Den vanligaste resan \u00e4r fr\u00e5n flygf\u00e4ltet till centrum av Levi och den har ett fast pris.<\/p>\n\n\n\n<p>Prisexempel: Kittil\u00e4 flygplats &#8211; Levin Alppitalot:<\/p>\n\n\n\n<p>Stortaxi 57\u20ac, inga andra avgifter tillkommer<\/p>\n\n\n\n<p>Personbil: 53\u20ac,&nbsp; inga andra avgifter tillkommer<\/p>\n\n\n\n<p>V\u00e5ra chauff\u00f6rer betj\u00e4nar er \u00e4ven p\u00e5 engelska.<\/p>\n\n<\/div>\r\n<\/div>\r\n<\/div>\r\n<\/div><\/div><\/div>\n\n\n\n<div class=\"wp-block-cover alignfull matka-blog\" style=\"min-height:50px;aspect-ratio:unset;\"><span aria-hidden=\"true\" class=\"wp-block-cover__background has-background-dim-100 has-background-dim\" style=\"background-color:#3e5159\"><\/span><div class=\"wp-block-cover__inner-container is-layout-flow wp-block-cover-is-layout-flow\">\n<p class=\"has-text-align-center has-large-font-size\">Hos oss betalat du endast f\u00f6r resan!<\/p>\n<\/div><\/div>\n\n\n\n<div class=\"wp-block-columns is-layout-flex wp-container-core-columns-is-layout-9d6595d7 wp-block-columns-is-layout-flex\">\n<div class=\"wp-block-column has-light-gray-background-color has-background is-layout-flow wp-block-column-is-layout-flow\">\n<h2 class=\"wp-block-heading has-text-align-left\">Prislista<\/h2>\n\n\n\n<table id=\"tablepress-6\" class=\"tablepress tablepress-id-6\">\n<tbody class=\"row-striping row-hover\">\n<tr class=\"row-1\">\n\t<td class=\"column-1\">1-4 pers<\/td><td class=\"column-2\">11\u20ac+1,70\u20ac\/km+1,30\u20ac\/min<\/td>\n<\/tr>\n<tr class=\"row-2\">\n\t<td class=\"column-1\">Minimi avgift, 1-4 pers<\/td><td class=\"column-2\">15\u20ac<\/td>\n<\/tr>\n<tr class=\"row-3\">\n\t<td class=\"column-1\">5-8 pers<\/td><td class=\"column-2\">11\u20ac+2,0\u20ac\/km+1,30\u20ac\/min<\/td>\n<\/tr>\n<tr class=\"row-4\">\n\t<td class=\"column-1\">Minimi avgift, 5-8 pers<\/td><td class=\"column-2\">20\u20ac<\/td>\n<\/tr>\n<tr class=\"row-5\">\n\t<td class=\"column-1\">F\u00f6rhandsbest\u00e4llning<\/td><td class=\"column-2\">0\u20ac<\/td>\n<\/tr>\n<tr class=\"row-6\">\n\t<td class=\"column-1\">Avbokning<\/td><td class=\"column-2\">0\u20ac<\/td>\n<\/tr>\n<tr class=\"row-7\">\n\t<td class=\"column-1\">Flygplatstill\u00e4gg<\/td><td class=\"column-2\">0\u20ac<\/td>\n<\/tr>\n<tr class=\"row-8\">\n\t<td class=\"column-1\">Bagage<\/td><td class=\"column-2\">0\u20ac<\/td>\n<\/tr>\n<tr class=\"row-9\">\n\t<td class=\"column-1\">Barnstol<\/td><td class=\"column-2\">10\u20ac<\/td>\n<\/tr>\n<tr class=\"row-10\">\n\t<td class=\"column-1\">Sl\u00e4pvagn<\/td><td class=\"column-2\">10\u20ac<\/td>\n<\/tr>\n<tr class=\"row-11\">\n\t<td class=\"column-1\">VIP<\/td><td class=\"column-2\">30\u20ac<\/td>\n<\/tr>\n<tr class=\"row-12\">\n\t<td class=\"column-1\">Premium<\/td><td class=\"column-2\">30\u20ac<\/td>\n<\/tr>\n<\/tbody>\n<\/table>\n\n<\/div>\n\n\n\n<div class=\"wp-block-column has-light-gray-background-color has-background is-layout-flow wp-block-column-is-layout-flow\" id=\"ennakko\">\n<h2 class=\"wp-block-heading\">F\u00f6rfr\u00e5gningar om pris:<\/h2>\n\n\n\n<p>N\u00e4r du planerar en resa och vill veta priset p\u00e5 din resa i f\u00f6rv\u00e4g.<\/p>\n\n\n\n<p>Fyll i upph\u00e4mtningsadress och destinationsadress. V\u00e4lj 4-sitsig personbil eller 8-sitsig minivan. Det uppskattade priset f\u00f6r din resa kommer att anges under destinationsadressen och genom att fylla i dina andra uppgifter kan du ocks\u00e5 boka transporten samtidigt.<\/p>\n\n\n\n<p>Om du bara vill veta priset, v\u00e4nligen skicka inte en best\u00e4llning. Den skickade best\u00e4llningen kommer automatiskt att \u00f6verf\u00f6ras till v\u00e5rt system.<\/p>\n\n\n\n<div class=\"wp-block-buttons is-layout-flex wp-block-buttons-is-layout-flex\">\n<div class=\"wp-block-button\"><a class=\"wp-block-button__link wp-element-button\" href=\"https:\/\/taxijessica.fi\/sv\/forbestallning-levi\/\"><strong>KLICKA H\u00c4R F\u00d6R EN PRISF\u00d6RFR\u00c5GAN<\/strong><\/a><\/div>\n<\/div>\n<\/div>\n<\/div>\n\n\n\n<div class=\"wp-block-cover alignfull yhteys-kansi\"><img loading=\"lazy\" decoding=\"async\" width=\"1707\" height=\"2560\" class=\"wp-block-cover__image-background wp-image-4136\" alt=\"\" src=\"https:\/\/taxijessica.fi\/wp-content\/uploads\/2023\/05\/shutterstock-1338483131-scaled.jpg\" style=\"object-position:51% 86%\" data-object-fit=\"cover\" data-object-position=\"51% 86%\" srcset=\"https:\/\/taxijessica.fi\/wp-content\/uploads\/2023\/05\/shutterstock-1338483131-scaled.jpg 1707w, https:\/\/taxijessica.fi\/wp-content\/uploads\/2023\/05\/shutterstock-1338483131-200x300.jpg 200w, https:\/\/taxijessica.fi\/wp-content\/uploads\/2023\/05\/shutterstock-1338483131-683x1024.jpg 683w, https:\/\/taxijessica.fi\/wp-content\/uploads\/2023\/05\/shutterstock-1338483131-768x1152.jpg 768w, https:\/\/taxijessica.fi\/wp-content\/uploads\/2023\/05\/shutterstock-1338483131-1024x1536.jpg 1024w, https:\/\/taxijessica.fi\/wp-content\/uploads\/2023\/05\/shutterstock-1338483131-1365x2048.jpg 1365w\" sizes=\"auto, (max-width: 1707px) 100vw, 1707px\" \/><span aria-hidden=\"true\" class=\"wp-block-cover__background has-background-dim\"><\/span><div class=\"wp-block-cover__inner-container is-layout-flow wp-block-cover-is-layout-flow\">\n<p class=\"has-text-align-center has-large-font-size\">Ta kontakt<\/p>\n\n\n\n<div class=\"wp-block-columns is-layout-flex wp-container-core-columns-is-layout-9d6595d7 wp-block-columns-is-layout-flex\">\n<div class=\"wp-block-column is-layout-flow wp-block-column-is-layout-flow\">\n<div class=\"wp-block-buttons is-content-justification-center is-layout-flex wp-container-core-buttons-is-layout-16018d1d wp-block-buttons-is-layout-flex\">\n<div class=\"wp-block-button\"><a class=\"wp-block-button__link wp-element-button\" href=\"tel:+358400610113\">Ring en taxi<\/a><\/div>\n\n\n\n<div class=\"wp-block-button\"><a class=\"wp-block-button__link wp-element-button\" href=\"mailto:taksijessica@gmail.com\">Skicka ett email<\/a><\/div>\n<\/div>\n<\/div>\n<\/div>\n<\/div><\/div>\n","protected":false},"excerpt":{"rendered":"<p>Prislista F\u00f6rfr\u00e5gningar om pris: N\u00e4r du planerar en resa och vill veta priset p\u00e5 din resa i f\u00f6rv\u00e4g. Fyll i upph\u00e4mtningsadress och destinationsadress. V\u00e4lj 4-sitsig personbil eller 8-sitsig minivan. Det uppskattade priset f\u00f6r din resa kommer att anges under destinationsadressen och genom att fylla i dina andra uppgifter kan du ocks\u00e5 boka transporten samtidigt. Om [&hellip;]<\/p>\n","protected":false},"author":1,"featured_media":0,"parent":0,"menu_order":0,"comment_status":"closed","ping_status":"closed","template":"","meta":{"_acf_changed":false,"footnotes":""},"class_list":["post-4807","page","type-page","status-publish","hentry"],"acf":[],"aioseo_notices":[],"_links":{"self":[{"href":"https:\/\/taxijessica.fi\/sv\/wp-json\/wp\/v2\/pages\/4807","targetHints":{"allow":["GET"]}}],"collection":[{"href":"https:\/\/taxijessica.fi\/sv\/wp-json\/wp\/v2\/pages"}],"about":[{"href":"https:\/\/taxijessica.fi\/sv\/wp-json\/wp\/v2\/types\/page"}],"author":[{"embeddable":true,"href":"https:\/\/taxijessica.fi\/sv\/wp-json\/wp\/v2\/users\/1"}],"replies":[{"embeddable":true,"href":"https:\/\/taxijessica.fi\/sv\/wp-json\/wp\/v2\/comments?post=4807"}],"version-history":[{"count":10,"href":"https:\/\/taxijessica.fi\/sv\/wp-json\/wp\/v2\/pages\/4807\/revisions"}],"predecessor-version":[{"id":5890,"href":"https:\/\/taxijessica.fi\/sv\/wp-json\/wp\/v2\/pages\/4807\/revisions\/5890"}],"wp:attachment":[{"href":"https:\/\/taxijessica.fi\/sv\/wp-json\/wp\/v2\/media?parent=4807"}],"curies":[{"name":"wp","href":"https:\/\/api.w.org\/{rel}","templated":true}]}}