{"id":4808,"date":"2023-05-22T22:00:10","date_gmt":"2023-05-22T19:00:10","guid":{"rendered":"https:\/\/taxijessica.fi\/taksipalvelut-raasepori\/"},"modified":"2025-01-04T12:56:29","modified_gmt":"2025-01-04T10:56:29","slug":"taxitjanster-raseborg","status":"publish","type":"page","link":"https:\/\/taxijessica.fi\/sv\/taxitjanster-raseborg\/","title":{"rendered":"Taxitj\u00e4nster &#8211; Raseborg"},"content":{"rendered":"\r\n\r\n\r\n    <div class=\"swiper heroswiper alignfull\">\r\n        <!-- Additional required wrapper -->\r\n        <div class=\"swiper-wrapper\">\r\n            \n\r\n\r\n<section class=\"hero site-banner banner-bg-image section-default default alignfull image swiper-slide\">\r\n\r\n    <div class=\"site-banner-bg section-bg-image ob-position\" style=\"object-position: 50% 40%\" >\r\n\r\n        <img loading=\"lazy\" decoding=\"async\" width=\"2560\" height=\"1707\" src=\"https:\/\/taxijessica.fi\/wp-content\/uploads\/2023\/05\/shutterstock-2034572894-scaled.jpg\" class=\"attachment-1536\u00d71536 size-1536\u00d71536\" alt=\"\" srcset=\"https:\/\/taxijessica.fi\/wp-content\/uploads\/2023\/05\/shutterstock-2034572894-scaled.jpg 2560w, https:\/\/taxijessica.fi\/wp-content\/uploads\/2023\/05\/shutterstock-2034572894-300x200.jpg 300w, https:\/\/taxijessica.fi\/wp-content\/uploads\/2023\/05\/shutterstock-2034572894-1024x683.jpg 1024w, https:\/\/taxijessica.fi\/wp-content\/uploads\/2023\/05\/shutterstock-2034572894-768x512.jpg 768w, https:\/\/taxijessica.fi\/wp-content\/uploads\/2023\/05\/shutterstock-2034572894-1536x1024.jpg 1536w, https:\/\/taxijessica.fi\/wp-content\/uploads\/2023\/05\/shutterstock-2034572894-2048x1365.jpg 2048w\" sizes=\"auto, (max-width: 2560px) 100vw, 2560px\" \/>\r\n        \r\n            <div class=\"site-banner-content container\">\r\n                <div class=\"row w-100\">\r\n                    <div class=\"col-md-12\">\r\n\r\n                        <h2 class=\"hero-title\">Taxitj\u00e4nster &#8211; Raseborg<\/h2><div class=\"inner-content\">\r\n                            <div class=\"acf-innerblocks-container\">\n\n<div class=\"wp-block-button\"><a class=\"wp-block-button__link wp-element-button\" href=\"tel:+358400170117\">Ring en taxi<\/a><\/div>\n\n\n\n<div class=\"wp-block-button\"><a class=\"wp-block-button__link wp-element-button\" href=\"https:\/\/taxijessica.fi\/sv\/forbestallning\/\">F\u00f6rboka<\/a><\/div>\n\n<\/div>\r\n                        <\/div>                    <\/div>\r\n                <\/div>\r\n            <\/div>\r\n        \r\n        <\/div><\/section>\n\n\r\n\r\n<section class=\"hero site-banner banner-bg-image section-default default alignfull image swiper-slide\">\r\n\r\n    <div class=\"site-banner-bg section-bg-image ob-position\" style=\"object-position: 50% 40%\" >\r\n\r\n        <img loading=\"lazy\" decoding=\"async\" width=\"2560\" height=\"1707\" src=\"https:\/\/taxijessica.fi\/wp-content\/uploads\/2023\/06\/shutterstock-1534655249-scaled.jpg\" class=\"attachment-1536\u00d71536 size-1536\u00d71536\" alt=\"\" srcset=\"https:\/\/taxijessica.fi\/wp-content\/uploads\/2023\/06\/shutterstock-1534655249-scaled.jpg 2560w, https:\/\/taxijessica.fi\/wp-content\/uploads\/2023\/06\/shutterstock-1534655249-300x200.jpg 300w, https:\/\/taxijessica.fi\/wp-content\/uploads\/2023\/06\/shutterstock-1534655249-1024x683.jpg 1024w, https:\/\/taxijessica.fi\/wp-content\/uploads\/2023\/06\/shutterstock-1534655249-768x512.jpg 768w, https:\/\/taxijessica.fi\/wp-content\/uploads\/2023\/06\/shutterstock-1534655249-1536x1024.jpg 1536w, https:\/\/taxijessica.fi\/wp-content\/uploads\/2023\/06\/shutterstock-1534655249-2048x1365.jpg 2048w\" sizes=\"auto, (max-width: 2560px) 100vw, 2560px\" \/>\r\n        \r\n            <div class=\"site-banner-content container\">\r\n                <div class=\"row w-100\">\r\n                    <div class=\"col-md-12\">\r\n\r\n                        <h2 class=\"hero-title\">Taxitj\u00e4nster &#8211; Raseborg<\/h2><div class=\"inner-content\">\r\n                            <div class=\"acf-innerblocks-container\">\n\n<div class=\"wp-block-button\"><a class=\"wp-block-button__link wp-element-button\" href=\"tel:+358400170117\">Ring en taxi<\/a><\/div>\n\n\n\n<div class=\"wp-block-button\"><a class=\"wp-block-button__link wp-element-button\" href=\"https:\/\/taxijessica.fi\/sv\/forbestallning\/\">F\u00f6rboka<\/a><\/div>\n\n<\/div>\r\n                        <\/div>                    <\/div>\r\n                <\/div>\r\n            <\/div>\r\n        \r\n        <\/div><\/section>\n\n\r\n\r\n<section class=\"hero site-banner banner-bg-image section-default default alignfull image swiper-slide\">\r\n\r\n    <div class=\"site-banner-bg section-bg-image ob-position\" style=\"object-position: 50% 40%\" >\r\n\r\n        <img loading=\"lazy\" decoding=\"async\" width=\"2560\" height=\"1885\" src=\"https:\/\/taxijessica.fi\/wp-content\/uploads\/2023\/06\/shutterstock-2123842880-scaled.jpg\" class=\"attachment-1536\u00d71536 size-1536\u00d71536\" alt=\"\" srcset=\"https:\/\/taxijessica.fi\/wp-content\/uploads\/2023\/06\/shutterstock-2123842880-scaled.jpg 2560w, https:\/\/taxijessica.fi\/wp-content\/uploads\/2023\/06\/shutterstock-2123842880-300x221.jpg 300w, https:\/\/taxijessica.fi\/wp-content\/uploads\/2023\/06\/shutterstock-2123842880-1024x754.jpg 1024w, https:\/\/taxijessica.fi\/wp-content\/uploads\/2023\/06\/shutterstock-2123842880-768x565.jpg 768w, https:\/\/taxijessica.fi\/wp-content\/uploads\/2023\/06\/shutterstock-2123842880-1536x1131.jpg 1536w, https:\/\/taxijessica.fi\/wp-content\/uploads\/2023\/06\/shutterstock-2123842880-2048x1508.jpg 2048w\" sizes=\"auto, (max-width: 2560px) 100vw, 2560px\" \/>\r\n        \r\n            <div class=\"site-banner-content container\">\r\n                <div class=\"row w-100\">\r\n                    <div class=\"col-md-12\">\r\n\r\n                        <h2 class=\"hero-title\">Taxitj\u00e4nster &#8211; Raseborg<\/h2><div class=\"inner-content\">\r\n                            <div class=\"acf-innerblocks-container\">\n\n<div class=\"wp-block-button\"><a class=\"wp-block-button__link wp-element-button\" href=\"tel:+358400170117\">Ring en taxi<\/a><\/div>\n\n\n\n<div class=\"wp-block-button\"><a class=\"wp-block-button__link wp-element-button\" href=\"https:\/\/taxijessica.fi\/sv\/forbestallning\/\">F\u00f6rboka<\/a><\/div>\n\n<\/div>\r\n                        <\/div>                    <\/div>\r\n                <\/div>\r\n            <\/div>\r\n        \r\n        <\/div><\/section>\n        <\/div>\r\n        <!-- If we need pagination -->\r\n        \r\n        <!-- If we need navigation buttons -->\r\n        \r\n    <\/div>\r\n\r\n    \r\n\n\n\n<div class=\"wp-block-group alignfull pariton\"><div class=\"wp-block-group__inner-container is-layout-constrained wp-block-group-is-layout-constrained\"><div class=\"image-and-text wp-block eka alignfull has-media-on-the-left\">\r\n<div class=\"row\">\r\n    <div class=\"col-12 col-md-5 image-col\">\r\n\r\n        <img loading=\"lazy\" decoding=\"async\" width=\"800\" height=\"484\" src=\"https:\/\/taxijessica.fi\/wp-content\/uploads\/2023\/05\/taxi-jessica-gruppbild-ny-s-1024x620.jpg\" class=\"attachment-large size-large\" alt=\"\" srcset=\"https:\/\/taxijessica.fi\/wp-content\/uploads\/2023\/05\/taxi-jessica-gruppbild-ny-s-1024x620.jpg 1024w, https:\/\/taxijessica.fi\/wp-content\/uploads\/2023\/05\/taxi-jessica-gruppbild-ny-s-300x182.jpg 300w, https:\/\/taxijessica.fi\/wp-content\/uploads\/2023\/05\/taxi-jessica-gruppbild-ny-s-768x465.jpg 768w, https:\/\/taxijessica.fi\/wp-content\/uploads\/2023\/05\/taxi-jessica-gruppbild-ny-s-1536x930.jpg 1536w, https:\/\/taxijessica.fi\/wp-content\/uploads\/2023\/05\/taxi-jessica-gruppbild-ny-s-2048x1240.jpg 2048w\" sizes=\"auto, (max-width: 800px) 100vw, 800px\" \/>    <\/div>\r\n\r\n    <div class=\"col-12 col-md-7 text-col\"><div class=\"acf-innerblocks-container\">\n\n<h2 class=\"wp-block-heading\">V\u00e4lkommen till Taxijessica &#8211; vi betj\u00e4nar dig dygnet runt p\u00e5 Raseborgsomr\u00e5det.&nbsp;&nbsp;<\/h2>\n\n\n\n<p>Du n\u00e5r oss garanterat dygnet runt och din skjuts anl\u00e4nder i tid f\u00f6r att tryggt skjutsa dig dit du \u00e4r p\u00e5 v\u00e4g.&nbsp;<\/p>\n\n\n\n<p>Vi har k\u00f6rt i Hang\u00f6 och Raseborg sedan \u00e5r 2004 och vi k\u00e4nner v\u00e5ra kunder personligen, liksom varje h\u00f6rn av omr\u00e5dena vi k\u00f6r p\u00e5.&nbsp;<\/p>\n\n\n\n<p>I Raseborg har vi tre personbilar plus en fullt utrustad invataxi. Vi sk\u00f6ter dina FPA-k\u00f6ror smidigt och s\u00e4kert.&nbsp;&nbsp;<\/p>\n\n\n\n<p>V\u00e5r bilpark \u00e4r ocks\u00e5 uppbyggd med tanke p\u00e5 milj\u00f6n. V\u00e5ra bilar \u00e4r tysta och ekologiska elbilar. Du kan ocks\u00e5 best\u00e4lla individuellt anpassade Premium- och VIP-k\u00f6ror av oss.&nbsp;&nbsp;<\/p>\n\n\n\n<p>V\u00e4nligen anv\u00e4nd v\u00e5ra onlinetj\u00e4nster i f\u00f6rsta hand.<br>Vi f\u00f6rs\u00f6ker undvika best\u00e4llningar i upptagna e-postmeddelanden och undvika eventuella missf\u00f6rst\u00e5nd och m\u00e4nskliga fel i best\u00e4llningar.<\/p>\n\n<\/div>\r\n<\/div>\r\n<\/div>\r\n<\/div><\/div><\/div>\n\n\n\n<div class=\"wp-block-group alignfull parillinen\"><div class=\"wp-block-group__inner-container is-layout-constrained wp-block-group-is-layout-constrained\"><div class=\"image-and-text wp-block eka alignfull has-media-on-the-right\">\r\n<div class=\"row\">\r\n    <div class=\"col-12 col-md-5 image-col\">\r\n\r\n        <img loading=\"lazy\" decoding=\"async\" width=\"800\" height=\"450\" src=\"https:\/\/taxijessica.fi\/wp-content\/uploads\/2023\/06\/shutterstock-1119550601-1024x576.jpg\" class=\"attachment-large size-large\" alt=\"\" srcset=\"https:\/\/taxijessica.fi\/wp-content\/uploads\/2023\/06\/shutterstock-1119550601-1024x576.jpg 1024w, https:\/\/taxijessica.fi\/wp-content\/uploads\/2023\/06\/shutterstock-1119550601-300x169.jpg 300w, https:\/\/taxijessica.fi\/wp-content\/uploads\/2023\/06\/shutterstock-1119550601-768x432.jpg 768w, https:\/\/taxijessica.fi\/wp-content\/uploads\/2023\/06\/shutterstock-1119550601-1536x864.jpg 1536w, https:\/\/taxijessica.fi\/wp-content\/uploads\/2023\/06\/shutterstock-1119550601-2048x1152.jpg 2048w\" sizes=\"auto, (max-width: 800px) 100vw, 800px\" \/>    <\/div>\r\n\r\n    <div class=\"col-12 col-md-7 text-col\"><div class=\"acf-innerblocks-container\">\n\n<h2 class=\"wp-block-heading\">V\u00e5ra yrkesf\u00f6rare st\u00e5r till din tj\u00e4nst dygnet runt.<\/h2>\n\n\n\n<p>V\u00e5ra professionella betj\u00e4nar dig under dygnets alla timmar. De talar finska, svenska och engelska.&nbsp;&nbsp;<\/p>\n\n\n\n<p>Du kan ringa oss till priset av lokal taxa eller anv\u00e4nda v\u00e5r applikation gratis, d\u00e5 vet du ocks\u00e5 priset p\u00e5 skjutsen p\u00e5 f\u00f6rhand. Du kan alltid boka oss i f\u00f6rv\u00e4g, ocks\u00e5 via e-post. Vi skr\u00e4ddarsyr dina resor enligt dina \u00f6nskem\u00e5l och vi g\u00f6r det snabbt. Beg\u00e4r en offert, vart \u00e4n du \u00e4r p\u00e5 v\u00e4g.&nbsp;<\/p>\n\n<\/div>\r\n<\/div>\r\n<\/div>\r\n<\/div><\/div><\/div>\n\n\n\n<div class=\"wp-block-cover alignfull matka-blog\" style=\"min-height:50px;aspect-ratio:unset;\"><span aria-hidden=\"true\" class=\"wp-block-cover__background has-background-dim-100 has-background-dim\" style=\"background-color:#3e5159\"><\/span><div class=\"wp-block-cover__inner-container is-layout-flow wp-block-cover-is-layout-flow\">\n<p class=\"has-text-align-center has-large-font-size\">Hos oss betalat du endast f\u00f6r resan!<\/p>\n<\/div><\/div>\n\n\n\n<div class=\"wp-block-columns is-layout-flex wp-container-core-columns-is-layout-9d6595d7 wp-block-columns-is-layout-flex\">\n<div class=\"wp-block-column has-light-gray-background-color has-background is-layout-flow wp-block-column-is-layout-flow\">\n<h2 class=\"wp-block-heading has-text-align-left\">Hinnasto<\/h2>\n\n\n\n<table id=\"tablepress-5\" class=\"tablepress tablepress-id-5\">\n<tbody class=\"row-striping row-hover\">\n<tr class=\"row-1\">\n\t<td class=\"column-1\">1-4 pers<\/td><td class=\"column-2\">10\u20ac+1,30\u20ac\/km+1,20\u20ac\/min<\/td>\n<\/tr>\n<tr class=\"row-2\">\n\t<td class=\"column-1\">5-8 pers<\/td><td class=\"column-2\">10\u20ac+2,0\u20ac\/km+1,20\u20ac\/min<\/td>\n<\/tr>\n<tr class=\"row-3\">\n\t<td class=\"column-1\">F\u00f6rhandsbest\u00e4llning<\/td><td class=\"column-2\">0\u20ac<\/td>\n<\/tr>\n<tr class=\"row-4\">\n\t<td class=\"column-1\">Avbokning<\/td><td class=\"column-2\">0\u20ac<\/td>\n<\/tr>\n<tr class=\"row-5\">\n\t<td class=\"column-1\">Flygplatstill\u00e4gg<\/td><td class=\"column-2\">0\u20ac<\/td>\n<\/tr>\n<tr class=\"row-6\">\n\t<td class=\"column-1\">Bagage<\/td><td class=\"column-2\">0\u20ac<\/td>\n<\/tr>\n<tr class=\"row-7\">\n\t<td class=\"column-1\">Barnstol<\/td><td class=\"column-2\">10\u20ac<\/td>\n<\/tr>\n<tr class=\"row-8\">\n\t<td class=\"column-1\">Sl\u00e4pvagn<\/td><td class=\"column-2\">10\u20ac<\/td>\n<\/tr>\n<tr class=\"row-9\">\n\t<td class=\"column-1\">VIP<\/td><td class=\"column-2\">30\u20ac<\/td>\n<\/tr>\n<tr class=\"row-10\">\n\t<td class=\"column-1\">Premium<\/td><td class=\"column-2\">30\u20ac<\/td>\n<\/tr>\n<\/tbody>\n<\/table>\n<!-- #tablepress-5 from cache -->\n<\/div>\n\n\n\n<div class=\"wp-block-column has-light-gray-background-color has-background is-layout-flow wp-block-column-is-layout-flow\" id=\"ennakko\">\n<h2 class=\"wp-block-heading\">F\u00f6rfr\u00e5gningar om pris:<\/h2>\n\n\n\n<p>N\u00e4r du planerar en resa och vill veta priset p\u00e5 din resa i f\u00f6rv\u00e4g.<\/p>\n\n\n\n<p>Fyll i upph\u00e4mtningsadress och destinationsadress. V\u00e4lj 4-sitsig personbil eller 8-sitsig minivan. Det uppskattade priset f\u00f6r din resa kommer att anges under destinationsadressen och genom att fylla i dina andra uppgifter kan du ocks\u00e5 boka transporten samtidigt.<\/p>\n\n\n\n<p>Om du bara vill veta priset, v\u00e4nligen skicka inte en best\u00e4llning. Den skickade best\u00e4llningen kommer automatiskt att \u00f6verf\u00f6ras till v\u00e5rt system.<\/p>\n\n\n\n<div class=\"wp-block-buttons is-layout-flex wp-block-buttons-is-layout-flex\">\n<div class=\"wp-block-button\"><a class=\"wp-block-button__link wp-element-button\" href=\"https:\/\/taxijessica.fi\/sv\/forbestallning\/\"><strong>KLICKA H\u00c4R F\u00d6R EN PRISF\u00d6RFR\u00c5GAN<\/strong><\/a><\/div>\n<\/div>\n<\/div>\n<\/div>\n\n\n\n<div class=\"wp-block-cover alignfull is-light yhteys-kansi\"><span aria-hidden=\"true\" class=\"wp-block-cover__background has-background-dim\"><\/span><img loading=\"lazy\" decoding=\"async\" width=\"2560\" height=\"1438\" class=\"wp-block-cover__image-background wp-image-4332\" alt=\"\" src=\"https:\/\/taxijessica.fi\/wp-content\/uploads\/2023\/05\/shutterstock-1469871041-scaled.jpg\" style=\"object-position:50% 24%\" data-object-fit=\"cover\" data-object-position=\"50% 24%\" srcset=\"https:\/\/taxijessica.fi\/wp-content\/uploads\/2023\/05\/shutterstock-1469871041-scaled.jpg 2560w, https:\/\/taxijessica.fi\/wp-content\/uploads\/2023\/05\/shutterstock-1469871041-300x169.jpg 300w, https:\/\/taxijessica.fi\/wp-content\/uploads\/2023\/05\/shutterstock-1469871041-1024x575.jpg 1024w, https:\/\/taxijessica.fi\/wp-content\/uploads\/2023\/05\/shutterstock-1469871041-768x432.jpg 768w, https:\/\/taxijessica.fi\/wp-content\/uploads\/2023\/05\/shutterstock-1469871041-1536x863.jpg 1536w, https:\/\/taxijessica.fi\/wp-content\/uploads\/2023\/05\/shutterstock-1469871041-2048x1151.jpg 2048w\" sizes=\"auto, (max-width: 2560px) 100vw, 2560px\" \/><div class=\"wp-block-cover__inner-container is-layout-flow wp-block-cover-is-layout-flow\">\n<p class=\"has-text-align-center has-large-font-size\">Ta kontakt<\/p>\n\n\n\n<div class=\"wp-block-columns is-layout-flex wp-container-core-columns-is-layout-9d6595d7 wp-block-columns-is-layout-flex\">\n<div class=\"wp-block-column is-layout-flow wp-block-column-is-layout-flow\">\n<div class=\"wp-block-buttons is-content-justification-center is-layout-flex wp-container-core-buttons-is-layout-16018d1d wp-block-buttons-is-layout-flex\">\n<div class=\"wp-block-button\"><a class=\"wp-block-button__link wp-element-button\" href=\"tel:+358400170117\">Ring en taxi<\/a><\/div>\n\n\n\n<div class=\"wp-block-button\"><a class=\"wp-block-button__link wp-element-button\" href=\"mailto:taksijessica@gmail.com\">Skicka ett email<\/a><\/div>\n<\/div>\n<\/div>\n<\/div>\n<\/div><\/div>\n","protected":false},"excerpt":{"rendered":"<p>Hinnasto F\u00f6rfr\u00e5gningar om pris: N\u00e4r du planerar en resa och vill veta priset p\u00e5 din resa i f\u00f6rv\u00e4g. Fyll i upph\u00e4mtningsadress och destinationsadress. V\u00e4lj 4-sitsig personbil eller 8-sitsig minivan. Det uppskattade priset f\u00f6r din resa kommer att anges under destinationsadressen och genom att fylla i dina andra uppgifter kan du ocks\u00e5 boka transporten samtidigt. Om [&hellip;]<\/p>\n","protected":false},"author":1,"featured_media":0,"parent":0,"menu_order":0,"comment_status":"closed","ping_status":"closed","template":"","meta":{"_acf_changed":false,"footnotes":""},"class_list":["post-4808","page","type-page","status-publish","hentry"],"acf":[],"aioseo_notices":[],"_links":{"self":[{"href":"https:\/\/taxijessica.fi\/sv\/wp-json\/wp\/v2\/pages\/4808","targetHints":{"allow":["GET"]}}],"collection":[{"href":"https:\/\/taxijessica.fi\/sv\/wp-json\/wp\/v2\/pages"}],"about":[{"href":"https:\/\/taxijessica.fi\/sv\/wp-json\/wp\/v2\/types\/page"}],"author":[{"embeddable":true,"href":"https:\/\/taxijessica.fi\/sv\/wp-json\/wp\/v2\/users\/1"}],"replies":[{"embeddable":true,"href":"https:\/\/taxijessica.fi\/sv\/wp-json\/wp\/v2\/comments?post=4808"}],"version-history":[{"count":4,"href":"https:\/\/taxijessica.fi\/sv\/wp-json\/wp\/v2\/pages\/4808\/revisions"}],"predecessor-version":[{"id":5634,"href":"https:\/\/taxijessica.fi\/sv\/wp-json\/wp\/v2\/pages\/4808\/revisions\/5634"}],"wp:attachment":[{"href":"https:\/\/taxijessica.fi\/sv\/wp-json\/wp\/v2\/media?parent=4808"}],"curies":[{"name":"wp","href":"https:\/\/api.w.org\/{rel}","templated":true}]}}