{"id":4811,"date":"2023-05-10T08:38:08","date_gmt":"2023-05-10T05:38:08","guid":{"rendered":"https:\/\/taxijessica.fi\/taksipalvelut\/"},"modified":"2025-05-12T10:05:04","modified_gmt":"2025-05-12T07:05:04","slug":"taxitjanster","status":"publish","type":"page","link":"https:\/\/taxijessica.fi\/sv\/taxitjanster\/","title":{"rendered":"Taxitj\u00e4nster"},"content":{"rendered":"\r\n\r\n<section class=\"hero site-banner banner-bg-image section-default default alignfull image\">\r\n\r\n    <div class=\"site-banner-bg section-bg-image \" >\r\n\r\n        <img loading=\"lazy\" decoding=\"async\" width=\"1920\" height=\"2560\" src=\"https:\/\/taxijessica.fi\/wp-content\/uploads\/2023\/05\/image0-scaled.jpeg\" class=\"attachment-1536\u00d71536 size-1536\u00d71536\" alt=\"\" srcset=\"https:\/\/taxijessica.fi\/wp-content\/uploads\/2023\/05\/image0-scaled.jpeg 1920w, https:\/\/taxijessica.fi\/wp-content\/uploads\/2023\/05\/image0-225x300.jpeg 225w, https:\/\/taxijessica.fi\/wp-content\/uploads\/2023\/05\/image0-768x1024.jpeg 768w, https:\/\/taxijessica.fi\/wp-content\/uploads\/2023\/05\/image0-1152x1536.jpeg 1152w, https:\/\/taxijessica.fi\/wp-content\/uploads\/2023\/05\/image0-1536x2048.jpeg 1536w\" sizes=\"auto, (max-width: 1920px) 100vw, 1920px\" \/>\r\n        \r\n            <div class=\"site-banner-content container\">\r\n                <div class=\"row w-100\">\r\n                    <div class=\"col-md-12\">\r\n\r\n                        <h1 class=\"hero-title\">Taxitj\u00e4nster<\/h1><div class=\"inner-content\">\r\n                            <div class=\"acf-innerblocks-container\"><\/div>\r\n                        <\/div>                    <\/div>\r\n                <\/div>\r\n            <\/div>\r\n        \r\n        <\/div><\/section>\n\n\n<div class=\"wp-block-group palvelut\"><div class=\"wp-block-group__inner-container is-layout-constrained wp-block-group-is-layout-constrained\">\n<div class=\"wp-block-columns palvelut is-layout-flex wp-container-core-columns-is-layout-9d6595d7 wp-block-columns-is-layout-flex\">\n<div class=\"wp-block-column has-light-gray-background-color has-background is-layout-flow wp-block-column-is-layout-flow\" id=\"tilausajot\">\n<h3 class=\"wp-block-heading\" style=\"text-transform:uppercase\">Best\u00e4llningsresor<\/h3>\n\n\n\n<p>Vi erbjuder v\u00e5ra kunder olika sorters taxiresor och vi k\u00f6r dig tryggt, bekv\u00e4mt och i tid med v\u00e5ra moderna och praktiska bilar. Du kan v\u00e4lja mellan 11 personbilar och 10 stortaxin.&nbsp; Vi str\u00e4var efter att v\u00e5ra kunder ska vara n\u00f6jda med v\u00e5r service till hundra procent. Vi vill att du ska k\u00e4nna dig v\u00e4lkommen oberoende av om det handlar om en lokal k\u00f6ra, f\u00f6retagsresa, en skjuts f\u00f6r myndighets\u00e4renden, en specialresa eller en l\u00e4ngre f\u00e4rd &#8211; allt \u00e4r m\u00f6jligt f\u00f6r oss!&nbsp;<\/p>\n<\/div>\n\n\n\n<div class=\"wp-block-column has-light-gray-background-color has-background is-layout-flow wp-block-column-is-layout-flow\" id=\"tilataksipalvelut\">\n<h3 class=\"wp-block-heading\" style=\"text-transform:uppercase\">V\u00e5ra tj\u00e4nster f\u00f6r best\u00e4llningstaxi<\/h3>\n\n\n\n<p>F\u00f6r tillf\u00e4llet har vi 10 moderna best\u00e4llningstaxin med 8+1 platser.&nbsp;&nbsp;<\/p>\n\n\n\n<p>En del av bilarna \u00e4r s\u00e5 kallade invataxin med hiss f\u00f6r rullstol och i dem \u00e4r till och med m\u00f6jligt att transportera n\u00e5gon som ligger p\u00e5 en b\u00e5r.&nbsp;&nbsp;<\/p>\n\n\n\n<p>Alla bilar l\u00e4mpar sig \u00e4nd\u00e5 f\u00f6r vanliga k\u00f6ror, till exempel kan vi k\u00f6ra dig och ditt g\u00e4ng till baren.&nbsp;<\/p>\n\n\n\n<p>\u00c5t dig som \u00e4r sugen p\u00e5 party, kan vi erbjuda en karaokebuss, d\u00e4r du glatt kan st\u00e4mma upp i din favoritl\u00e5t.&nbsp;&nbsp;<\/p>\n\n\n\n<p>\u00c4r du intresserad av att \u00e5ka p\u00e5 skidsemester till Lappland eller p\u00e5 fest till Helsingfors?&nbsp;&nbsp;<\/p>\n\n\n\n<p>Vi erbjuder bra paketpriser f\u00f6r&nbsp; grupper, s\u00e5 tveka inte att h\u00f6ra dig f\u00f6r! Om ni vill \u00e5ka ett g\u00e4ng till Ruka \u00e4r utg\u00e5ngspriset 120 euro per person, ena v\u00e4gen, eller till Helsingfors 40 euro per person, i en riktning.&nbsp;&nbsp;<\/p>\n<\/div>\n\n\n\n<div class=\"wp-block-column has-light-gray-background-color has-background is-layout-flow wp-block-column-is-layout-flow\" id=\"toivetaksi\">\n<h3 class=\"wp-block-heading\" style=\"text-transform:uppercase\">Skr\u00e4ddarsydd taxi f\u00f6r dina behov<\/h3>\n\n\n\n<p>F\u00f6rutom v\u00e5ra vanliga k\u00f6ror, erbjuder vi ocks\u00e5 FPA-k\u00f6ror i Hang\u00f6, Raseborg, Kittil\u00e4 och Yll\u00e4s. Vi har b\u00e5de invataxin och vanliga personbilar som sk\u00f6ter FPA-resorna med. Kontakta oss f\u00f6r att h\u00f6ra hur du b\u00e4st skr\u00e4ddarsyr dina FPA-resor och andra resor p\u00e5 b\u00e4sta s\u00e4tt.&nbsp;&nbsp;<\/p>\n\n\n\n<p><strong>Hang\u00f6<\/strong>: <a href=\"tel:+358400613400\" title=\"\">+358 400 613 400<\/a>&nbsp;<\/p>\n\n\n\n<p><strong>Raseborg<\/strong>: <a href=\"tel:+358400170117\" title=\"\">+358400 17 01 17<\/a>&nbsp;<\/p>\n\n\n\n<p><strong>Kittil\u00e4- Levi<\/strong>: <a href=\"tel:+358400610113\" title=\"\">+358 400 610 113<\/a>&nbsp;<\/p>\n\n\n\n<p>Yll\u00e4s-\u00c4k\u00e4slompolo <a href=\"tel:+358400613056\" title=\"\">+358 400 613 056<\/a>&nbsp;<\/p>\n\n\n\n<p>eller\u00a0<a href=\"mailto:taksijessica@gmail.com\" target=\"_blank\" rel=\"noreferrer noopener\">taksijessica@gmail.com<\/a>\u00a0<\/p>\n<\/div>\n<\/div>\n<\/div><\/div>\n\n\n\n<div class=\"wp-block-group alignfull taksinostot\"><div class=\"wp-block-group__inner-container is-layout-constrained wp-block-group-is-layout-constrained\">\n<div class=\"wp-block-columns alignfull taksinostot is-layout-flex wp-container-core-columns-is-layout-9d6595d7 wp-block-columns-is-layout-flex\">\n<div class=\"wp-block-column is-layout-flow wp-block-column-is-layout-flow\">\n<div class=\"wp-block-cover is-light has-custom-content-position is-position-bottom-right\"><img loading=\"lazy\" decoding=\"async\" width=\"1824\" height=\"1368\" class=\"wp-block-cover__image-background wp-image-3964\" alt=\"\" src=\"https:\/\/taxijessica.fi\/wp-content\/uploads\/2023\/05\/sprinter-2.jpg\" data-object-fit=\"cover\" srcset=\"https:\/\/taxijessica.fi\/wp-content\/uploads\/2023\/05\/sprinter-2.jpg 1824w, https:\/\/taxijessica.fi\/wp-content\/uploads\/2023\/05\/sprinter-2-300x225.jpg 300w, https:\/\/taxijessica.fi\/wp-content\/uploads\/2023\/05\/sprinter-2-1024x768.jpg 1024w, https:\/\/taxijessica.fi\/wp-content\/uploads\/2023\/05\/sprinter-2-768x576.jpg 768w, https:\/\/taxijessica.fi\/wp-content\/uploads\/2023\/05\/sprinter-2-1536x1152.jpg 1536w\" sizes=\"auto, (max-width: 1824px) 100vw, 1824px\" \/><span aria-hidden=\"true\" class=\"wp-block-cover__background has-background-dim-40 has-background-dim\"><\/span><div class=\"wp-block-cover__inner-container is-layout-flow wp-block-cover-is-layout-flow\">\n<div class=\"wp-block-buttons is-content-justification-center is-layout-flex wp-container-core-buttons-is-layout-5e6b19ed wp-block-buttons-is-layout-flex\">\n<div class=\"wp-block-button has-custom-width wp-block-button__width-100\"><a class=\"wp-block-button__link wp-element-button\" href=\"https:\/\/taxijessica.fi\/sv\/taxitjanster-hango\/\">Taxitj\u00e4nster<br>Hang\u00f6<\/a><\/div>\n<\/div>\n<\/div><\/div>\n<\/div>\n\n\n\n<div class=\"wp-block-column is-layout-flow wp-block-column-is-layout-flow\">\n<div class=\"wp-block-cover is-light has-custom-content-position is-position-bottom-right\"><img loading=\"lazy\" decoding=\"async\" width=\"2560\" height=\"1152\" class=\"wp-block-cover__image-background wp-image-4022\" alt=\"\" src=\"https:\/\/taxijessica.fi\/wp-content\/uploads\/2023\/05\/1655386299733-scaled.jpg\" data-object-fit=\"cover\" srcset=\"https:\/\/taxijessica.fi\/wp-content\/uploads\/2023\/05\/1655386299733-scaled.jpg 2560w, https:\/\/taxijessica.fi\/wp-content\/uploads\/2023\/05\/1655386299733-300x135.jpg 300w, https:\/\/taxijessica.fi\/wp-content\/uploads\/2023\/05\/1655386299733-1024x461.jpg 1024w, https:\/\/taxijessica.fi\/wp-content\/uploads\/2023\/05\/1655386299733-768x346.jpg 768w, https:\/\/taxijessica.fi\/wp-content\/uploads\/2023\/05\/1655386299733-1536x691.jpg 1536w, https:\/\/taxijessica.fi\/wp-content\/uploads\/2023\/05\/1655386299733-2048x922.jpg 2048w\" sizes=\"auto, (max-width: 2560px) 100vw, 2560px\" \/><span aria-hidden=\"true\" class=\"wp-block-cover__background has-background-dim-40 has-background-dim\"><\/span><div class=\"wp-block-cover__inner-container is-layout-flow wp-block-cover-is-layout-flow\">\n<div class=\"wp-block-buttons is-content-justification-center is-layout-flex wp-container-core-buttons-is-layout-5e6b19ed wp-block-buttons-is-layout-flex\">\n<div class=\"wp-block-button has-custom-width wp-block-button__width-100\"><a class=\"wp-block-button__link wp-element-button\" href=\"https:\/\/taxijessica.fi\/sv\/taxitjanster-raseborg\/\">Taxitj\u00e4nster<br>Raseborg<\/a><\/div>\n<\/div>\n<\/div><\/div>\n<\/div>\n\n\n\n<div class=\"wp-block-column is-layout-flow wp-block-column-is-layout-flow\">\n<div class=\"wp-block-cover is-light has-custom-content-position is-position-bottom-right\"><img loading=\"lazy\" decoding=\"async\" width=\"1925\" height=\"2560\" class=\"wp-block-cover__image-background wp-image-3954\" alt=\"\" src=\"https:\/\/taxijessica.fi\/wp-content\/uploads\/2023\/05\/img20221119213725-scaled.jpg\" style=\"object-position:50% 100%\" data-object-fit=\"cover\" data-object-position=\"50% 100%\" srcset=\"https:\/\/taxijessica.fi\/wp-content\/uploads\/2023\/05\/img20221119213725-scaled.jpg 1925w, https:\/\/taxijessica.fi\/wp-content\/uploads\/2023\/05\/img20221119213725-226x300.jpg 226w, https:\/\/taxijessica.fi\/wp-content\/uploads\/2023\/05\/img20221119213725-770x1024.jpg 770w, https:\/\/taxijessica.fi\/wp-content\/uploads\/2023\/05\/img20221119213725-768x1021.jpg 768w, https:\/\/taxijessica.fi\/wp-content\/uploads\/2023\/05\/img20221119213725-1155x1536.jpg 1155w, https:\/\/taxijessica.fi\/wp-content\/uploads\/2023\/05\/img20221119213725-1540x2048.jpg 1540w\" sizes=\"auto, (max-width: 1925px) 100vw, 1925px\" \/><span aria-hidden=\"true\" class=\"wp-block-cover__background has-background-dim-40 has-background-dim\"><\/span><div class=\"wp-block-cover__inner-container is-layout-flow wp-block-cover-is-layout-flow\">\n<div class=\"wp-block-buttons is-content-justification-center is-layout-flex wp-container-core-buttons-is-layout-5e6b19ed wp-block-buttons-is-layout-flex\">\n<div class=\"wp-block-button has-custom-width wp-block-button__width-100\"><a class=\"wp-block-button__link wp-element-button\" href=\"https:\/\/taxijessica.fi\/sv\/taxitjanster-kittila-levi\/\">Taxitj\u00e4nster <br>Kittil\u00e4-Levi<\/a><\/div>\n<\/div>\n<\/div><\/div>\n<\/div>\n\n\n\n<div class=\"wp-block-column is-layout-flow wp-block-column-is-layout-flow\">\n<div class=\"wp-block-cover is-light has-custom-content-position is-position-bottom-right\"><img loading=\"lazy\" decoding=\"async\" width=\"2560\" height=\"1925\" class=\"wp-block-cover__image-background wp-image-3951\" alt=\"\" src=\"https:\/\/taxijessica.fi\/wp-content\/uploads\/2023\/05\/img20221117153601-scaled.jpg\" data-object-fit=\"cover\" srcset=\"https:\/\/taxijessica.fi\/wp-content\/uploads\/2023\/05\/img20221117153601-scaled.jpg 2560w, https:\/\/taxijessica.fi\/wp-content\/uploads\/2023\/05\/img20221117153601-300x226.jpg 300w, https:\/\/taxijessica.fi\/wp-content\/uploads\/2023\/05\/img20221117153601-1024x770.jpg 1024w, https:\/\/taxijessica.fi\/wp-content\/uploads\/2023\/05\/img20221117153601-768x578.jpg 768w, https:\/\/taxijessica.fi\/wp-content\/uploads\/2023\/05\/img20221117153601-1536x1155.jpg 1536w, https:\/\/taxijessica.fi\/wp-content\/uploads\/2023\/05\/img20221117153601-2048x1540.jpg 2048w\" sizes=\"auto, (max-width: 2560px) 100vw, 2560px\" \/><span aria-hidden=\"true\" class=\"wp-block-cover__background has-background-dim-40 has-background-dim\"><\/span><div class=\"wp-block-cover__inner-container is-layout-flow wp-block-cover-is-layout-flow\">\n<div class=\"wp-block-buttons is-content-justification-center is-layout-flex wp-container-core-buttons-is-layout-5e6b19ed wp-block-buttons-is-layout-flex\">\n<div class=\"wp-block-button has-custom-width wp-block-button__width-100\"><a class=\"wp-block-button__link wp-element-button\" href=\"https:\/\/taxijessica.fi\/sv\/taxitjanster-akaslompolo-yllas\/\">Taxitj\u00e4nster <br>\u00c4k\u00e4slompolo-Yll\u00e4s<\/a><\/div>\n<\/div>\n<\/div><\/div>\n<\/div>\n<\/div>\n<\/div><\/div>\n","protected":false},"excerpt":{"rendered":"<p>Best\u00e4llningsresor Vi erbjuder v\u00e5ra kunder olika sorters taxiresor och vi k\u00f6r dig tryggt, bekv\u00e4mt och i tid med v\u00e5ra moderna och praktiska bilar. Du kan v\u00e4lja mellan 11 personbilar och 10 stortaxin.&nbsp; Vi str\u00e4var efter att v\u00e5ra kunder ska vara n\u00f6jda med v\u00e5r service till hundra procent. Vi vill att du ska k\u00e4nna dig v\u00e4lkommen [&hellip;]<\/p>\n","protected":false},"author":1,"featured_media":0,"parent":0,"menu_order":0,"comment_status":"closed","ping_status":"closed","template":"","meta":{"_acf_changed":false,"footnotes":""},"class_list":["post-4811","page","type-page","status-publish","hentry"],"acf":[],"aioseo_notices":[],"_links":{"self":[{"href":"https:\/\/taxijessica.fi\/sv\/wp-json\/wp\/v2\/pages\/4811","targetHints":{"allow":["GET"]}}],"collection":[{"href":"https:\/\/taxijessica.fi\/sv\/wp-json\/wp\/v2\/pages"}],"about":[{"href":"https:\/\/taxijessica.fi\/sv\/wp-json\/wp\/v2\/types\/page"}],"author":[{"embeddable":true,"href":"https:\/\/taxijessica.fi\/sv\/wp-json\/wp\/v2\/users\/1"}],"replies":[{"embeddable":true,"href":"https:\/\/taxijessica.fi\/sv\/wp-json\/wp\/v2\/comments?post=4811"}],"version-history":[{"count":2,"href":"https:\/\/taxijessica.fi\/sv\/wp-json\/wp\/v2\/pages\/4811\/revisions"}],"predecessor-version":[{"id":5839,"href":"https:\/\/taxijessica.fi\/sv\/wp-json\/wp\/v2\/pages\/4811\/revisions\/5839"}],"wp:attachment":[{"href":"https:\/\/taxijessica.fi\/sv\/wp-json\/wp\/v2\/media?parent=4811"}],"curies":[{"name":"wp","href":"https:\/\/api.w.org\/{rel}","templated":true}]}}