{"id":4812,"date":"2022-09-19T11:45:14","date_gmt":"2022-09-19T08:45:14","guid":{"rendered":"https:\/\/taxijessica.fi\/yhteystiedot\/"},"modified":"2025-05-12T09:49:39","modified_gmt":"2025-05-12T06:49:39","slug":"kontaktinformation","status":"publish","type":"page","link":"https:\/\/taxijessica.fi\/sv\/kontaktinformation\/","title":{"rendered":"Kontaktinformation"},"content":{"rendered":"\r\n\r\n<section class=\"hero site-banner banner-bg-image section-default default alignfull image\">\r\n\r\n    <div class=\"site-banner-bg section-bg-image \" >\r\n\r\n        <img loading=\"lazy\" decoding=\"async\" width=\"2048\" height=\"1366\" src=\"https:\/\/taxijessica.fi\/wp-content\/uploads\/2023\/06\/shutterstock-2267670763-scaled.jpg\" class=\"attachment-1536\u00d71536 size-1536\u00d71536\" alt=\"\" srcset=\"https:\/\/taxijessica.fi\/wp-content\/uploads\/2023\/06\/shutterstock-2267670763-scaled.jpg 2048w, https:\/\/taxijessica.fi\/wp-content\/uploads\/2023\/06\/shutterstock-2267670763-300x200.jpg 300w, https:\/\/taxijessica.fi\/wp-content\/uploads\/2023\/06\/shutterstock-2267670763-1024x683.jpg 1024w, https:\/\/taxijessica.fi\/wp-content\/uploads\/2023\/06\/shutterstock-2267670763-768x512.jpg 768w, https:\/\/taxijessica.fi\/wp-content\/uploads\/2023\/06\/shutterstock-2267670763-1536x1024.jpg 1536w\" sizes=\"auto, (max-width: 2048px) 100vw, 2048px\" \/>\r\n        \r\n            <div class=\"site-banner-content container\">\r\n                <div class=\"row w-100\">\r\n                    <div class=\"col-md-12\">\r\n\r\n                        <h1 class=\"hero-title\">Kontaktinformation<\/h1><div class=\"inner-content\">\r\n                            <div class=\"acf-innerblocks-container\"><\/div>\r\n                        <\/div>                    <\/div>\r\n                <\/div>\r\n            <\/div>\r\n        \r\n        <\/div><\/section>\n\n\n<div class=\"wp-block-columns yhteystiedot is-style-narrow is-layout-flex wp-container-core-columns-is-layout-9d6595d7 wp-block-columns-is-layout-flex\">\n<div class=\"wp-block-column is-layout-flow wp-block-column-is-layout-flow\" style=\"flex-basis:40%\">\n<h2 class=\"wp-block-heading\">Oy Taxijessica Ab<\/h2>\n\n\n\n<p><strong>Hang\u00f6<\/strong>: <a href=\"tel:+358400613400\" title=\"\">+358 400 613 400<\/a><\/p>\n\n\n\n<p><strong>Raseborg<\/strong>: <a href=\"tel:+358400170117\" title=\"\">+358 400 170 117<\/a><\/p>\n\n\n\n<p><strong>Kittil\u00e4-Levi<\/strong>: <a href=\"tel:+358400610113\" title=\"\">+358 400 610 113<\/a><\/p>\n\n\n\n<p>Att ringa kostar detsamma som den normala lokaln\u00e4tsavgiften.<br>V\u00e5r applikation \u00e4r helt gratis.<\/p>\n\n\n\n<p>Ladda ner v\u00e5r Taxi Jessica-app fr\u00e5n Google Play eller App Store eller anv\u00e4nd QR-koden nedan:<\/p>\n\n\n<div class=\"wp-block-image\">\n<figure class=\"alignleft size-thumbnail\"><img loading=\"lazy\" decoding=\"async\" width=\"150\" height=\"150\" src=\"https:\/\/taxijessica.fi\/wp-content\/uploads\/2023\/05\/taxi-jessica-app-150x150.png\" alt=\"\" class=\"wp-image-4143\" srcset=\"https:\/\/taxijessica.fi\/wp-content\/uploads\/2023\/05\/taxi-jessica-app-150x150.png 150w, https:\/\/taxijessica.fi\/wp-content\/uploads\/2023\/05\/taxi-jessica-app-300x300.png 300w, https:\/\/taxijessica.fi\/wp-content\/uploads\/2023\/05\/taxi-jessica-app.png 707w\" sizes=\"auto, (max-width: 150px) 100vw, 150px\" \/><\/figure>\n<\/div>\n\n<div class=\"wp-block-image\">\n<figure class=\"alignleft size-thumbnail\"><img loading=\"lazy\" decoding=\"async\" width=\"150\" height=\"150\" src=\"https:\/\/taxijessica.fi\/wp-content\/uploads\/2023\/06\/qr-taxi-jessica-150x150.png\" alt=\"\" class=\"wp-image-4491\" srcset=\"https:\/\/taxijessica.fi\/wp-content\/uploads\/2023\/06\/qr-taxi-jessica-150x150.png 150w, https:\/\/taxijessica.fi\/wp-content\/uploads\/2023\/06\/qr-taxi-jessica-300x300.png 300w, https:\/\/taxijessica.fi\/wp-content\/uploads\/2023\/06\/qr-taxi-jessica.png 648w\" sizes=\"auto, (max-width: 150px) 100vw, 150px\" \/><\/figure>\n<\/div>\n\n<div class=\"wp-block-image\">\n<figure class=\"alignleft size-full is-resized\"><a href=\"https:\/\/play.google.com\/store\/apps\/details?id=fi.rxenterprise.taxijessica\"><img loading=\"lazy\" decoding=\"async\" width=\"568\" height=\"174\" src=\"https:\/\/taxijessica.fi\/wp-content\/uploads\/2023\/05\/google-play-badge-e1684309583548.png\" alt=\"\" class=\"wp-image-4145\" style=\"width:138px;height:43px\" srcset=\"https:\/\/taxijessica.fi\/wp-content\/uploads\/2023\/05\/google-play-badge-e1684309583548.png 568w, https:\/\/taxijessica.fi\/wp-content\/uploads\/2023\/05\/google-play-badge-e1684309583548-300x92.png 300w\" sizes=\"auto, (max-width: 568px) 100vw, 568px\" \/><\/a><\/figure>\n<\/div>\n\n<div class=\"wp-block-image\">\n<figure class=\"alignleft size-full is-resized\"><a href=\"https:\/\/apps.apple.com\/us\/app\/taxi-jessica\/id1670199807https:\/\/apps.apple.com\/us\/app\/taxi-jessica\/id1670199807https:\/\/apps.apple.com\/us\/app\/taxi-jessica\/id1670199807\"><img loading=\"lazy\" decoding=\"async\" width=\"499\" height=\"167\" src=\"https:\/\/taxijessica.fi\/wp-content\/uploads\/2023\/05\/download-on-the-app-store-badge-us-uk-rgb-blk-092917.png\" alt=\"\" class=\"wp-image-4146\" style=\"width:137px;height:48px\" srcset=\"https:\/\/taxijessica.fi\/wp-content\/uploads\/2023\/05\/download-on-the-app-store-badge-us-uk-rgb-blk-092917.png 499w, https:\/\/taxijessica.fi\/wp-content\/uploads\/2023\/05\/download-on-the-app-store-badge-us-uk-rgb-blk-092917-300x100.png 300w\" sizes=\"auto, (max-width: 499px) 100vw, 499px\" \/><\/a><\/figure>\n<\/div><\/div>\n\n\n\n<div class=\"wp-block-column has-light-gray-background-color has-background is-layout-flow wp-block-column-is-layout-flow\" style=\"flex-basis:60%\">\n<h2 class=\"wp-block-heading\">Prisf\u00f6rfr\u00e5gningar och f\u00f6rbest\u00e4llningar:<\/h2>\n\n\n\n<p>N\u00e4r du planerar en resa och vill veta priset p\u00e5 din resa i f\u00f6rv\u00e4g.<\/p>\n\n\n\n<p>Fyll i upph\u00e4mtningsadress och destinationsadress. V\u00e4lj 4-sitsig personbil eller 8-sitsig minivan. Det uppskattade priset f\u00f6r din resa kommer att anges under destinationsadressen och genom att fylla i dina andra uppgifter kan du ocks\u00e5 boka transporten samtidigt.<\/p>\n\n\n\n<p>Om du bara vill veta priset, v\u00e4nligen skicka inte en best\u00e4llning. Den skickade best\u00e4llningen kommer automatiskt att \u00f6verf\u00f6ras till v\u00e5rt system.<\/p>\n\n\n\n<p>N\u00e4r vi har accepterat din best\u00e4llning kommer den automatiskt att \u00f6verf\u00f6ras till v\u00e5rt best\u00e4llningssystem och du kommer att f\u00e5 en orderbekr\u00e4ftelse via e-post. Din best\u00e4llning \u00e4r klar och din bil kommer att anl\u00e4nda p\u00e5 \u00f6verenskommen tid.<\/p>\n\n\n\n<div class=\"wp-block-buttons is-layout-flex wp-block-buttons-is-layout-flex\">\n<div class=\"wp-block-button\"><a class=\"wp-block-button__link wp-element-button\" href=\"https:\/\/taxijessica.fi\/sv\/forbestallning-2\/\"><strong>KLICKA H\u00c4R F\u00d6R PRISF\u00d6RFR\u00c5GNINGAR OCH F\u00d6RBEST\u00c4LLNINGAR<\/strong><\/a><\/div>\n<\/div>\n<\/div>\n<\/div>\n\n\n\n<div class=\"wp-block-columns alignfull has-light-gray-background-color has-background is-layout-flex wp-container-core-columns-is-layout-9d6595d7 wp-block-columns-is-layout-flex\">\n<div class=\"wp-block-column is-layout-flow wp-block-column-is-layout-flow\">\n<h2 class=\"wp-block-heading has-text-align-center otsikko\">Galleri<br><\/h2>\n\n\n\n<figure class=\"wp-block-gallery has-nested-images columns-default is-cropped wp-block-gallery-1 is-layout-flex wp-block-gallery-is-layout-flex\">\n<figure class=\"wp-block-image size-large\"><a href=\"https:\/\/taxijessica.fi\/wp-content\/uploads\/2023\/05\/taxi-jessica-gruppbild-ny-s-scaled.jpg\"><img loading=\"lazy\" decoding=\"async\" width=\"1024\" height=\"620\" data-id=\"4322\" src=\"https:\/\/taxijessica.fi\/wp-content\/uploads\/2023\/05\/taxi-jessica-gruppbild-ny-s-1024x620.jpg\" alt=\"\" class=\"wp-image-4322\" srcset=\"https:\/\/taxijessica.fi\/wp-content\/uploads\/2023\/05\/taxi-jessica-gruppbild-ny-s-1024x620.jpg 1024w, https:\/\/taxijessica.fi\/wp-content\/uploads\/2023\/05\/taxi-jessica-gruppbild-ny-s-300x182.jpg 300w, https:\/\/taxijessica.fi\/wp-content\/uploads\/2023\/05\/taxi-jessica-gruppbild-ny-s-768x465.jpg 768w, https:\/\/taxijessica.fi\/wp-content\/uploads\/2023\/05\/taxi-jessica-gruppbild-ny-s-1536x930.jpg 1536w, https:\/\/taxijessica.fi\/wp-content\/uploads\/2023\/05\/taxi-jessica-gruppbild-ny-s-2048x1240.jpg 2048w\" sizes=\"auto, (max-width: 1024px) 100vw, 1024px\" \/><\/a><\/figure>\n\n\n\n<figure class=\"wp-block-image size-large\"><a href=\"https:\/\/taxijessica.fi\/wp-content\/uploads\/2023\/05\/1655386299733-scaled.jpg\"><img loading=\"lazy\" decoding=\"async\" width=\"1024\" height=\"461\" data-id=\"4022\" src=\"https:\/\/taxijessica.fi\/wp-content\/uploads\/2023\/05\/1655386299733-1024x461.jpg\" alt=\"\" class=\"wp-image-4022\" srcset=\"https:\/\/taxijessica.fi\/wp-content\/uploads\/2023\/05\/1655386299733-1024x461.jpg 1024w, https:\/\/taxijessica.fi\/wp-content\/uploads\/2023\/05\/1655386299733-300x135.jpg 300w, https:\/\/taxijessica.fi\/wp-content\/uploads\/2023\/05\/1655386299733-768x346.jpg 768w, https:\/\/taxijessica.fi\/wp-content\/uploads\/2023\/05\/1655386299733-1536x691.jpg 1536w, https:\/\/taxijessica.fi\/wp-content\/uploads\/2023\/05\/1655386299733-2048x922.jpg 2048w\" sizes=\"auto, (max-width: 1024px) 100vw, 1024px\" \/><\/a><\/figure>\n\n\n\n<figure class=\"wp-block-image size-large\"><a href=\"https:\/\/taxijessica.fi\/wp-content\/uploads\/2023\/05\/sprinter-2.jpg\"><img loading=\"lazy\" decoding=\"async\" width=\"1024\" height=\"768\" data-id=\"3964\" src=\"https:\/\/taxijessica.fi\/wp-content\/uploads\/2023\/05\/sprinter-2-1024x768.jpg\" alt=\"\" class=\"wp-image-3964\" srcset=\"https:\/\/taxijessica.fi\/wp-content\/uploads\/2023\/05\/sprinter-2-1024x768.jpg 1024w, https:\/\/taxijessica.fi\/wp-content\/uploads\/2023\/05\/sprinter-2-300x225.jpg 300w, https:\/\/taxijessica.fi\/wp-content\/uploads\/2023\/05\/sprinter-2-768x576.jpg 768w, https:\/\/taxijessica.fi\/wp-content\/uploads\/2023\/05\/sprinter-2-1536x1152.jpg 1536w, https:\/\/taxijessica.fi\/wp-content\/uploads\/2023\/05\/sprinter-2.jpg 1824w\" sizes=\"auto, (max-width: 1024px) 100vw, 1024px\" \/><\/a><\/figure>\n\n\n\n<figure class=\"wp-block-image size-large\"><a href=\"https:\/\/taxijessica.fi\/wp-content\/uploads\/2023\/05\/img20230106101553-scaled.jpg\"><img loading=\"lazy\" decoding=\"async\" width=\"1024\" height=\"770\" data-id=\"3955\" src=\"https:\/\/taxijessica.fi\/wp-content\/uploads\/2023\/05\/img20230106101553-1024x770.jpg\" alt=\"\" class=\"wp-image-3955\" srcset=\"https:\/\/taxijessica.fi\/wp-content\/uploads\/2023\/05\/img20230106101553-1024x770.jpg 1024w, https:\/\/taxijessica.fi\/wp-content\/uploads\/2023\/05\/img20230106101553-300x226.jpg 300w, https:\/\/taxijessica.fi\/wp-content\/uploads\/2023\/05\/img20230106101553-768x578.jpg 768w, https:\/\/taxijessica.fi\/wp-content\/uploads\/2023\/05\/img20230106101553-1536x1155.jpg 1536w, https:\/\/taxijessica.fi\/wp-content\/uploads\/2023\/05\/img20230106101553-2048x1540.jpg 2048w\" sizes=\"auto, (max-width: 1024px) 100vw, 1024px\" \/><\/a><\/figure>\n\n\n\n<figure class=\"wp-block-image size-large\"><a href=\"https:\/\/taxijessica.fi\/wp-content\/uploads\/2023\/05\/meneva-102-scaled.jpg\"><img loading=\"lazy\" decoding=\"async\" width=\"1024\" height=\"880\" data-id=\"3957\" src=\"https:\/\/taxijessica.fi\/wp-content\/uploads\/2023\/05\/meneva-102-1024x880.jpg\" alt=\"\" class=\"wp-image-3957\" srcset=\"https:\/\/taxijessica.fi\/wp-content\/uploads\/2023\/05\/meneva-102-1024x880.jpg 1024w, https:\/\/taxijessica.fi\/wp-content\/uploads\/2023\/05\/meneva-102-300x258.jpg 300w, https:\/\/taxijessica.fi\/wp-content\/uploads\/2023\/05\/meneva-102-768x660.jpg 768w, https:\/\/taxijessica.fi\/wp-content\/uploads\/2023\/05\/meneva-102-1536x1319.jpg 1536w, https:\/\/taxijessica.fi\/wp-content\/uploads\/2023\/05\/meneva-102-2048x1759.jpg 2048w\" sizes=\"auto, (max-width: 1024px) 100vw, 1024px\" \/><\/a><\/figure>\n\n\n\n<figure class=\"wp-block-image size-large\"><a href=\"https:\/\/taxijessica.fi\/wp-content\/uploads\/2023\/05\/img20221117153601-scaled.jpg\"><img loading=\"lazy\" decoding=\"async\" width=\"1024\" height=\"770\" data-id=\"3951\" src=\"https:\/\/taxijessica.fi\/wp-content\/uploads\/2023\/05\/img20221117153601-1024x770.jpg\" alt=\"\" class=\"wp-image-3951\" srcset=\"https:\/\/taxijessica.fi\/wp-content\/uploads\/2023\/05\/img20221117153601-1024x770.jpg 1024w, https:\/\/taxijessica.fi\/wp-content\/uploads\/2023\/05\/img20221117153601-300x226.jpg 300w, https:\/\/taxijessica.fi\/wp-content\/uploads\/2023\/05\/img20221117153601-768x578.jpg 768w, https:\/\/taxijessica.fi\/wp-content\/uploads\/2023\/05\/img20221117153601-1536x1155.jpg 1536w, https:\/\/taxijessica.fi\/wp-content\/uploads\/2023\/05\/img20221117153601-2048x1540.jpg 2048w\" sizes=\"auto, (max-width: 1024px) 100vw, 1024px\" \/><\/a><\/figure>\n\n\n\n<figure class=\"wp-block-image size-large\"><a href=\"https:\/\/taxijessica.fi\/wp-content\/uploads\/2023\/05\/img-20220530-153005-scaled.jpg\"><img loading=\"lazy\" decoding=\"async\" width=\"1024\" height=\"461\" data-id=\"3949\" src=\"https:\/\/taxijessica.fi\/wp-content\/uploads\/2023\/05\/img-20220530-153005-1024x461.jpg\" alt=\"\" class=\"wp-image-3949\" srcset=\"https:\/\/taxijessica.fi\/wp-content\/uploads\/2023\/05\/img-20220530-153005-1024x461.jpg 1024w, https:\/\/taxijessica.fi\/wp-content\/uploads\/2023\/05\/img-20220530-153005-300x135.jpg 300w, https:\/\/taxijessica.fi\/wp-content\/uploads\/2023\/05\/img-20220530-153005-768x346.jpg 768w, https:\/\/taxijessica.fi\/wp-content\/uploads\/2023\/05\/img-20220530-153005-1536x691.jpg 1536w, https:\/\/taxijessica.fi\/wp-content\/uploads\/2023\/05\/img-20220530-153005-2048x922.jpg 2048w\" sizes=\"auto, (max-width: 1024px) 100vw, 1024px\" \/><\/a><\/figure>\n\n\n\n<figure class=\"wp-block-image size-large\"><a href=\"https:\/\/taxijessica.fi\/wp-content\/uploads\/2023\/05\/img-20210528-154505-edit-284405667313372-1-scaled.jpg\"><img loading=\"lazy\" decoding=\"async\" width=\"1024\" height=\"768\" data-id=\"3947\" src=\"https:\/\/taxijessica.fi\/wp-content\/uploads\/2023\/05\/img-20210528-154505-edit-284405667313372-1-1024x768.jpg\" alt=\"\" class=\"wp-image-3947\" srcset=\"https:\/\/taxijessica.fi\/wp-content\/uploads\/2023\/05\/img-20210528-154505-edit-284405667313372-1-1024x768.jpg 1024w, https:\/\/taxijessica.fi\/wp-content\/uploads\/2023\/05\/img-20210528-154505-edit-284405667313372-1-300x225.jpg 300w, https:\/\/taxijessica.fi\/wp-content\/uploads\/2023\/05\/img-20210528-154505-edit-284405667313372-1-768x576.jpg 768w, https:\/\/taxijessica.fi\/wp-content\/uploads\/2023\/05\/img-20210528-154505-edit-284405667313372-1-1536x1152.jpg 1536w, https:\/\/taxijessica.fi\/wp-content\/uploads\/2023\/05\/img-20210528-154505-edit-284405667313372-1-2048x1536.jpg 2048w\" sizes=\"auto, (max-width: 1024px) 100vw, 1024px\" \/><\/a><figcaption class=\"wp-element-caption\">sdr_soft<\/figcaption><\/figure>\n<\/figure>\n<\/div>\n<\/div>\n","protected":false},"excerpt":{"rendered":"<p>Oy Taxijessica Ab Hang\u00f6: +358 400 613 400 Raseborg: +358 400 170 117 Kittil\u00e4-Levi: +358 400 610 113 Att ringa kostar detsamma som den normala lokaln\u00e4tsavgiften.V\u00e5r applikation \u00e4r helt gratis. Ladda ner v\u00e5r Taxi Jessica-app fr\u00e5n Google Play eller App Store eller anv\u00e4nd QR-koden nedan: Prisf\u00f6rfr\u00e5gningar och f\u00f6rbest\u00e4llningar: N\u00e4r du planerar en resa och vill [&hellip;]<\/p>\n","protected":false},"author":1,"featured_media":0,"parent":0,"menu_order":10,"comment_status":"closed","ping_status":"closed","template":"","meta":{"_acf_changed":false,"footnotes":""},"class_list":["post-4812","page","type-page","status-publish","hentry"],"acf":[],"aioseo_notices":[],"_links":{"self":[{"href":"https:\/\/taxijessica.fi\/sv\/wp-json\/wp\/v2\/pages\/4812","targetHints":{"allow":["GET"]}}],"collection":[{"href":"https:\/\/taxijessica.fi\/sv\/wp-json\/wp\/v2\/pages"}],"about":[{"href":"https:\/\/taxijessica.fi\/sv\/wp-json\/wp\/v2\/types\/page"}],"author":[{"embeddable":true,"href":"https:\/\/taxijessica.fi\/sv\/wp-json\/wp\/v2\/users\/1"}],"replies":[{"embeddable":true,"href":"https:\/\/taxijessica.fi\/sv\/wp-json\/wp\/v2\/comments?post=4812"}],"version-history":[{"count":7,"href":"https:\/\/taxijessica.fi\/sv\/wp-json\/wp\/v2\/pages\/4812\/revisions"}],"predecessor-version":[{"id":5825,"href":"https:\/\/taxijessica.fi\/sv\/wp-json\/wp\/v2\/pages\/4812\/revisions\/5825"}],"wp:attachment":[{"href":"https:\/\/taxijessica.fi\/sv\/wp-json\/wp\/v2\/media?parent=4812"}],"curies":[{"name":"wp","href":"https:\/\/api.w.org\/{rel}","templated":true}]}}