{"id":4815,"date":"2021-09-28T14:42:32","date_gmt":"2021-09-28T11:42:32","guid":{"rendered":"https:\/\/taxijessica.fi\/etusivu\/"},"modified":"2025-04-16T14:31:03","modified_gmt":"2025-04-16T11:31:03","slug":"hemsida","status":"publish","type":"page","link":"https:\/\/taxijessica.fi\/sv\/","title":{"rendered":"Hemsida"},"content":{"rendered":"\r\n\r\n<section class=\"hero site-banner banner-bg-video section-image-only  alignfull video\">\r\n\r\n    <div class=\"site-banner-bg section-bg-image ob-position\" style=\"object-position: 50% %\" >\r\n\r\n                        <video autoplay muted playsinline loop id=\"header-video\">\r\n                    <source src=\"https:\/\/taxijessica.fi\/wp-content\/uploads\/2023\/06\/face.mp4\" type=\"video\/mp4\">\r\n                <\/video>\r\n        \r\n        \r\n        <\/section>\n\n<div class=\"image-and-text wp-block is-style-default alignfull has-media-on-the-left\">\r\n<div class=\"row\">\r\n    <div class=\"col-12 col-md-6 image-col\">\r\n\r\n        <img loading=\"lazy\" decoding=\"async\" width=\"800\" height=\"600\" src=\"https:\/\/taxijessica.fi\/wp-content\/uploads\/2023\/05\/img-20210528-154505-edit-284405667313372-1-1024x768.jpg\" class=\"attachment-large size-large\" alt=\"G-EW2W4GNRH4\" srcset=\"https:\/\/taxijessica.fi\/wp-content\/uploads\/2023\/05\/img-20210528-154505-edit-284405667313372-1-1024x768.jpg 1024w, https:\/\/taxijessica.fi\/wp-content\/uploads\/2023\/05\/img-20210528-154505-edit-284405667313372-1-300x225.jpg 300w, https:\/\/taxijessica.fi\/wp-content\/uploads\/2023\/05\/img-20210528-154505-edit-284405667313372-1-768x576.jpg 768w, https:\/\/taxijessica.fi\/wp-content\/uploads\/2023\/05\/img-20210528-154505-edit-284405667313372-1-1536x1152.jpg 1536w, https:\/\/taxijessica.fi\/wp-content\/uploads\/2023\/05\/img-20210528-154505-edit-284405667313372-1-2048x1536.jpg 2048w\" sizes=\"auto, (max-width: 800px) 100vw, 800px\" \/>    <\/div>\r\n\r\n    <div class=\"col-12 col-md-6 text-col\"><div class=\"acf-innerblocks-container\">\n\n<h2 class=\"wp-block-heading\">Vi har taxin f\u00f6r dig!<\/h2>\n\n\n\n<p>Alltid d\u00e5 du snabbt beh\u00f6ver en taxi &#8211; d\u00e5 finns vi till f\u00f6r dig!<\/p>\n\n\n\n<p>TaxiJessica betj\u00e4nar dig fr\u00e5n Hang\u00f6 i s\u00f6der till Utsjoki i norr, oberoende av vilken sorts taxi du beh\u00f6ver.<\/p>\n\n\n\n<p>Du kan boka din resa p\u00e5 f\u00f6rhand av oss och vi erbjuder \u00e4ven FPA-taxi, avtalstaxi eller till och med v\u00e5r \u201cBiletaxi\u201d, allts\u00e5 v\u00e5r festtaxi som r\u00f6r sig p\u00e5 stora festivaler landet runt.<\/p>\n\n\n\n<p>Vi k\u00e4nner v\u00e5ra kunder p\u00e5 de omr\u00e5den som vi k\u00f6r. F\u00f6retaget startade \u00e5r 2004 i Hang\u00f6 och Raseborg och har sedan dess expanderat till Levi-Kittil\u00e4 regionen \u00e5r 2020. Sommartid hittar du oss runtom i landet i pulsen p\u00e5 olika festivaler.<\/p>\n\n\n\n<p>Hos oss betalar du endast f\u00f6r resan.Vi debiterar inget extra f\u00f6r f\u00f6rhandsbest\u00e4llningar, f\u00f6r att h\u00e4mta dig fr\u00e5n flygplatsen och vi uppb\u00e4r heller inga andra till\u00e4ggsavgifter. Det vi kommer \u00f6verens om h\u00e5ller streck. Dessutom \u00e4r v\u00e5ra priser konkurrenskraftiga &#8211; testa och se!<\/p>\n\n\n\n<p><strong>V\u00e4nligen anv\u00e4nd v\u00e5r f\u00f6rbest\u00e4llningstj\u00e4nst online.<\/strong><\/p>\n\n\n\n<p><strong>F\u00f6r prisinformation, v\u00e4nligen fyll i din adress och biltyp.<\/strong><\/p>\n\n\n\n<p><strong>Vi bokar inte leveranser via e-post.<\/strong><\/p>\n\n\n\n<div class=\"wp-block-button\"><a class=\"wp-block-button__link wp-element-button\" href=\"https:\/\/taxijessica.fi\/sv\/forbestallning-2\/\"><strong>KLICKA H\u00c4R F\u00d6R PRISF\u00d6RFR\u00c5GNINGAR OCH F\u00d6RBEST\u00c4LLNINGAR<\/strong><\/a><\/div>\n\n<\/div>\r\n<\/div>\r\n<\/div>\r\n<\/div>\n\n<div class=\"image-and-text wp-block alignfull has-media-on-the-right\">\r\n<div class=\"row\">\r\n    <div class=\"col-12 col-md-6 image-col\">\r\n\r\n        <img loading=\"lazy\" decoding=\"async\" width=\"768\" height=\"1024\" src=\"https:\/\/taxijessica.fi\/wp-content\/uploads\/2023\/05\/image0-768x1024.jpeg\" class=\"attachment-large size-large\" alt=\"\" srcset=\"https:\/\/taxijessica.fi\/wp-content\/uploads\/2023\/05\/image0-768x1024.jpeg 768w, https:\/\/taxijessica.fi\/wp-content\/uploads\/2023\/05\/image0-225x300.jpeg 225w, https:\/\/taxijessica.fi\/wp-content\/uploads\/2023\/05\/image0-1152x1536.jpeg 1152w, https:\/\/taxijessica.fi\/wp-content\/uploads\/2023\/05\/image0-1536x2048.jpeg 1536w, https:\/\/taxijessica.fi\/wp-content\/uploads\/2023\/05\/image0-scaled.jpeg 1920w\" sizes=\"auto, (max-width: 768px) 100vw, 768px\" \/>    <\/div>\r\n\r\n    <div class=\"col-12 col-md-6 text-col\"><div class=\"acf-innerblocks-container\">\n\n<h2 class=\"wp-block-heading\">Kvalitativa och m\u00e5ngsidiga taxitj\u00e4nster<\/h2>\n\n\n\n<p>TaxiJessica \u00e4r ett varum\u00e4rke som st\u00e5r f\u00f6r kundbetj\u00e4ning, kvalitet, snabbhet och inte minst tillg\u00e4nglighet. Vi h\u00e5ller det vi lovar och det prutar vi inte p\u00e5. Det h\u00e4r \u00e4r v\u00e4rderingar som alla i f\u00f6retagets personal \u00e4r stolta \u00f6ver och tummar p\u00e5. Du n\u00e5r oss alla tider p\u00e5 dygnet och innan du vet ordet av st\u00e5r bilen utanf\u00f6r d\u00f6rren!<\/p>\n\n\n\n<p>N\u00e4r du bokar en resa via oss, garanteras du yrkeskunniga f\u00f6rare och moderna bilar med den senaste utrustningen. Oberoende av om du reser ensam eller i grupp, st\u00e5r vi till ditt f\u00f6rfogande med personbilar och stortaxin. Om du uppskattar en milj\u00f6v\u00e4nlig och tyst f\u00e4rd, ing\u00e5r ocks\u00e5 elbilar i f\u00f6retagets fordonspark. Vi skr\u00e4ddarsyr \u00e4ven VIP och premiumk\u00f6ror, allt enligt just dina \u00f6nskem\u00e5l och behov. Tveka inte att kontakta oss f\u00f6r att tillsammans hitta den b\u00e4sta l\u00f6sningen f\u00f6r just dig!<\/p>\n\n<\/div>\r\n<\/div>\r\n<\/div>\r\n<\/div>\n\n\n<div class=\"wp-block-columns is-style-narrow is-layout-flex wp-container-core-columns-is-layout-9d6595d7 wp-block-columns-is-layout-flex\">\n<div class=\"wp-block-column is-layout-flow wp-block-column-is-layout-flow\">\n<h2 class=\"wp-block-heading has-text-align-center\">Du n\u00e5r oss b\u00e4st p\u00e5 ditt eget s\u00e4tt<\/h2>\n\n\n\n<p class=\"has-text-align-center\">Taxijessica finns h\u00e4r alltid d\u00e5 du beh\u00f6ver oss!<\/p>\n\n\n\n<p class=\"has-text-align-center\">Du n\u00e5r oss via traditionell snigelpost, e-post, per telefon, mejl; ja till och med n\u00e4stan via flaskpost!&nbsp; Eller s\u00e5 kan du beh\u00e4ndigt n\u00e5 oss via v\u00e5r inhemska applikation som du kan ladda ner utan kostnad fr\u00e5n n\u00e4rmaste app-store. Med hj\u00e4lp av appen kan du best\u00e4lla din taxi genast eller vid en senare tidpunkt.  Vid mindre br\u00e5dskande tillf\u00e4llen kan du naturligtvis ocks\u00e5 anv\u00e4nda dig av v\u00e5r l\u00e4nk f\u00f6r att f\u00f6rhandsbest\u00e4lla en bil enligt \u00f6verenskommelse.<\/p>\n\n\n\n<p class=\"has-text-align-center\">F\u00f6r best\u00e4llningar per telefon debiteras normal lokalavgift.<\/p>\n\n\n\n<p class=\"has-text-align-center\">V\u00e5r applikation \u00e4r gratis att ladda ner och anv\u00e4nda.<\/p>\n\n\n\n<p>V\u00e5ra telefonnummer \u00e4r virtuella v\u00e4xelnummer och kan inte anv\u00e4ndas f\u00f6r att skicka WhatsApp- eller SMS-meddelanden.<\/p>\n<\/div>\n<\/div>\n\n\n\n<div class=\"wp-block-group etusivunlinkit\"><div class=\"wp-block-group__inner-container is-layout-constrained wp-block-group-is-layout-constrained\">\n<div class=\"wp-block-columns is-style-default is-layout-flex wp-container-core-columns-is-layout-9d6595d7 wp-block-columns-is-layout-flex\">\n<div class=\"wp-block-column is-vertically-aligned-top buttonit is-layout-flow wp-block-column-is-layout-flow\" style=\"flex-basis:33.17%\">\n<div class=\"wp-block-cover is-light appkansi\" style=\"min-height:100vh;aspect-ratio:unset;\"><span aria-hidden=\"true\" class=\"wp-block-cover__background has-light-gray-background-color has-background-dim-100 has-background-dim\"><\/span><div class=\"wp-block-cover__inner-container is-layout-flow wp-block-cover-is-layout-flow\">\n<h2 class=\"wp-block-heading has-text-align-center has-black-color has-text-color\">V\u00e5ra tj\u00e4nster<\/h2>\n\n\n\n<div class=\"wp-block-buttons is-layout-flex wp-container-core-buttons-is-layout-c07eda73 wp-block-buttons-is-layout-flex\">\n<div class=\"wp-block-button\"><a class=\"wp-block-button__link wp-element-button\" href=\"https:\/\/taxijessica.fi\/sv\/forbestallning-2\/\">F\u00f6rhandsbest\u00e4llning<\/a><\/div>\n\n\n\n<div class=\"wp-block-button\"><a class=\"wp-block-button__link wp-element-button\" href=\"mailto:taksijessica@gmail.com\">Epost<\/a><\/div>\n\n\n\n<div class=\"wp-block-button\"><a class=\"wp-block-button__link wp-element-button\" href=\"https:\/\/taxijessica.fi\/sv\/taxitjanster\/#tilausajot\">Best\u00e4llningsk\u00f6ror<\/a><\/div>\n\n\n\n<div class=\"wp-block-button\"><a class=\"wp-block-button__link wp-element-button\" href=\"https:\/\/taxijessica.fi\/sv\/taxitjanster\/#tilataksipalvelut\">Stortaxitj\u00e4nster<\/a><\/div>\n\n\n\n<div class=\"wp-block-button\"><a class=\"wp-block-button__link wp-element-button\" href=\"https:\/\/taxijessica.fi\/sv\/taxitjanster\/#toivetaksi\">FPA-k\u00f6ror<\/a><\/div>\n<\/div>\n<\/div><\/div>\n<\/div>\n\n\n\n<div class=\"wp-block-column is-vertically-aligned-top buttonit is-layout-flow wp-block-column-is-layout-flow\" style=\"flex-basis:33.17%\">\n<div class=\"wp-block-cover is-light appkansi\" style=\"min-height:100vh;aspect-ratio:unset;\"><span aria-hidden=\"true\" class=\"wp-block-cover__background has-light-gray-background-color has-background-dim-100 has-background-dim\"><\/span><div class=\"wp-block-cover__inner-container is-layout-flow wp-block-cover-is-layout-flow\">\n<h2 class=\"wp-block-heading has-text-align-center has-black-color has-text-color\">Telefonnummer<\/h2>\n\n\n\n<div class=\"wp-block-buttons is-layout-flex wp-container-core-buttons-is-layout-c07eda73 wp-block-buttons-is-layout-flex\">\n<div class=\"wp-block-button\"><a class=\"wp-block-button__link wp-element-button\" href=\"tel:+358400613400\">Hang\u00f6\n+358400613400<\/a><\/div>\n\n\n\n<div class=\"wp-block-button\"><a class=\"wp-block-button__link wp-element-button\" href=\"tel:+358400170117\">Raseborg\n+358400170117<\/a><\/div>\n\n\n\n<div class=\"wp-block-button\"><a class=\"wp-block-button__link wp-element-button\" href=\"tel:+358400610113\">Levi\n+358400610113<\/a><\/div>\n<\/div>\n<\/div><\/div>\n<\/div>\n\n\n\n<div class=\"wp-block-column is-vertically-aligned-top is-layout-flow wp-block-column-is-layout-flow\" style=\"flex-basis:33.5%\">\n<div class=\"wp-block-cover is-light appkansi\" style=\"min-height:100vh;aspect-ratio:unset;\"><span aria-hidden=\"true\" class=\"wp-block-cover__background has-light-gray-background-color has-background-dim-100 has-background-dim\"><\/span><div class=\"wp-block-cover__inner-container is-layout-flow wp-block-cover-is-layout-flow\">\n<h2 class=\"wp-block-heading has-text-align-center has-black-color has-text-color\">Applikation<\/h2>\n\n\n<div class=\"wp-block-image\">\n<figure class=\"aligncenter size-large is-resized\"><img decoding=\"async\" src=\"https:\/\/taxijessica.fi\/\/wp-content\/uploads\/2023\/05\/taxi-jessica-app-150x150.png\" alt=\"\" style=\"width:100px;height:100px\"\/><\/figure>\n<\/div>\n\n<div class=\"wp-block-image\">\n<figure class=\"aligncenter size-full is-resized\"><img loading=\"lazy\" decoding=\"async\" width=\"648\" height=\"648\" src=\"https:\/\/taxijessica.fi\/wp-content\/uploads\/2023\/06\/qr-taxi-jessica.png\" alt=\"\" class=\"wp-image-4491\" style=\"width:110px;height:110px\" srcset=\"https:\/\/taxijessica.fi\/wp-content\/uploads\/2023\/06\/qr-taxi-jessica.png 648w, https:\/\/taxijessica.fi\/wp-content\/uploads\/2023\/06\/qr-taxi-jessica-300x300.png 300w, https:\/\/taxijessica.fi\/wp-content\/uploads\/2023\/06\/qr-taxi-jessica-150x150.png 150w\" sizes=\"auto, (max-width: 648px) 100vw, 648px\" \/><\/figure>\n<\/div>\n\n<div class=\"wp-block-image\">\n<figure class=\"aligncenter size-full is-resized\"><a href=\"https:\/\/play.google.com\/store\/apps\/details?id=fi.rxenterprise.taxijessica\"><img loading=\"lazy\" decoding=\"async\" width=\"568\" height=\"174\" src=\"https:\/\/taxijessica.fi\/wp-content\/uploads\/2023\/05\/google-play-badge-e1684309583548.png\" alt=\"\" class=\"wp-image-4145\" style=\"width:142px;height:44px\" srcset=\"https:\/\/taxijessica.fi\/wp-content\/uploads\/2023\/05\/google-play-badge-e1684309583548.png 568w, https:\/\/taxijessica.fi\/wp-content\/uploads\/2023\/05\/google-play-badge-e1684309583548-300x92.png 300w\" sizes=\"auto, (max-width: 568px) 100vw, 568px\" \/><\/a><\/figure>\n<\/div>\n\n<div class=\"wp-block-image\">\n<figure class=\"aligncenter size-large is-resized\"><a href=\"https:\/\/apps.apple.com\/us\/app\/taxi-jessica\/id1670199807https:\/\/apps.apple.com\/us\/app\/taxi-jessica\/id1670199807https:\/\/apps.apple.com\/us\/app\/taxi-jessica\/id1670199807\"><img decoding=\"async\" src=\"https:\/\/taxijessica.fi\/wp-content\/uploads\/2023\/05\/download-on-the-app-store-badge-us-uk-rgb-blk-092917.png\" alt=\"\" style=\"width:142px;height:48px\"\/><\/a><\/figure>\n<\/div><\/div><\/div>\n<\/div>\n<\/div>\n<\/div><\/div>\n\n\n\n<div class=\"wp-block-group alignfull taksinostot\"><div class=\"wp-block-group__inner-container is-layout-constrained wp-block-group-is-layout-constrained\">\n<div class=\"wp-block-columns alignfull taksinostot is-layout-flex wp-container-core-columns-is-layout-9d6595d7 wp-block-columns-is-layout-flex\">\n<div class=\"wp-block-column is-layout-flow wp-block-column-is-layout-flow\">\n<div class=\"wp-block-cover has-custom-content-position is-position-bottom-right\"><img loading=\"lazy\" decoding=\"async\" width=\"1824\" height=\"1368\" class=\"wp-block-cover__image-background wp-image-3964\" alt=\"\" src=\"https:\/\/taxijessica.fi\/wp-content\/uploads\/2023\/05\/sprinter-2.jpg\" data-object-fit=\"cover\" srcset=\"https:\/\/taxijessica.fi\/wp-content\/uploads\/2023\/05\/sprinter-2.jpg 1824w, https:\/\/taxijessica.fi\/wp-content\/uploads\/2023\/05\/sprinter-2-300x225.jpg 300w, https:\/\/taxijessica.fi\/wp-content\/uploads\/2023\/05\/sprinter-2-1024x768.jpg 1024w, https:\/\/taxijessica.fi\/wp-content\/uploads\/2023\/05\/sprinter-2-768x576.jpg 768w, https:\/\/taxijessica.fi\/wp-content\/uploads\/2023\/05\/sprinter-2-1536x1152.jpg 1536w\" sizes=\"auto, (max-width: 1824px) 100vw, 1824px\" \/><span aria-hidden=\"true\" class=\"wp-block-cover__background has-background-dim-40 has-background-dim\"><\/span><div class=\"wp-block-cover__inner-container is-layout-flow wp-block-cover-is-layout-flow\">\n<div class=\"wp-block-buttons is-content-justification-center is-layout-flex wp-container-core-buttons-is-layout-5e6b19ed wp-block-buttons-is-layout-flex\">\n<div class=\"wp-block-button has-custom-width wp-block-button__width-100\"><a class=\"wp-block-button__link wp-element-button\" href=\"https:\/\/taxijessica.fi\/sv\/taxitjanster-hango\/\">Taxitj\u00e4nster\nHang\u00f6<\/a><\/div>\n<\/div>\n<\/div><\/div>\n<\/div>\n\n\n\n<div class=\"wp-block-column is-layout-flow wp-block-column-is-layout-flow\">\n<div class=\"wp-block-cover is-light has-custom-content-position is-position-bottom-right\"><img loading=\"lazy\" decoding=\"async\" width=\"2560\" height=\"1152\" class=\"wp-block-cover__image-background wp-image-4022\" alt=\"\" src=\"https:\/\/taxijessica.fi\/wp-content\/uploads\/2023\/05\/1655386299733-scaled.jpg\" data-object-fit=\"cover\" srcset=\"https:\/\/taxijessica.fi\/wp-content\/uploads\/2023\/05\/1655386299733-scaled.jpg 2560w, https:\/\/taxijessica.fi\/wp-content\/uploads\/2023\/05\/1655386299733-300x135.jpg 300w, https:\/\/taxijessica.fi\/wp-content\/uploads\/2023\/05\/1655386299733-1024x461.jpg 1024w, https:\/\/taxijessica.fi\/wp-content\/uploads\/2023\/05\/1655386299733-768x346.jpg 768w, https:\/\/taxijessica.fi\/wp-content\/uploads\/2023\/05\/1655386299733-1536x691.jpg 1536w, https:\/\/taxijessica.fi\/wp-content\/uploads\/2023\/05\/1655386299733-2048x922.jpg 2048w\" sizes=\"auto, (max-width: 2560px) 100vw, 2560px\" \/><span aria-hidden=\"true\" class=\"wp-block-cover__background has-background-dim-40 has-background-dim\"><\/span><div class=\"wp-block-cover__inner-container is-layout-flow wp-block-cover-is-layout-flow\">\n<div class=\"wp-block-buttons is-content-justification-center is-layout-flex wp-container-core-buttons-is-layout-5e6b19ed wp-block-buttons-is-layout-flex\">\n<div class=\"wp-block-button has-custom-width wp-block-button__width-100\"><a class=\"wp-block-button__link wp-element-button\" href=\"https:\/\/taxijessica.fi\/sv\/taxitjanster-raseborg\/\">Taxitj\u00e4nster\nRaseborg<\/a><\/div>\n<\/div>\n<\/div><\/div>\n<\/div>\n\n\n\n<div class=\"wp-block-column is-layout-flow wp-block-column-is-layout-flow\">\n<div class=\"wp-block-cover has-custom-content-position is-position-bottom-right\"><img loading=\"lazy\" decoding=\"async\" width=\"1925\" height=\"2560\" class=\"wp-block-cover__image-background wp-image-3954\" alt=\"\" src=\"https:\/\/taxijessica.fi\/wp-content\/uploads\/2023\/05\/img20221119213725-scaled.jpg\" style=\"object-position:50% 100%\" data-object-fit=\"cover\" data-object-position=\"50% 100%\" srcset=\"https:\/\/taxijessica.fi\/wp-content\/uploads\/2023\/05\/img20221119213725-scaled.jpg 1925w, https:\/\/taxijessica.fi\/wp-content\/uploads\/2023\/05\/img20221119213725-226x300.jpg 226w, https:\/\/taxijessica.fi\/wp-content\/uploads\/2023\/05\/img20221119213725-770x1024.jpg 770w, https:\/\/taxijessica.fi\/wp-content\/uploads\/2023\/05\/img20221119213725-768x1021.jpg 768w, https:\/\/taxijessica.fi\/wp-content\/uploads\/2023\/05\/img20221119213725-1155x1536.jpg 1155w, https:\/\/taxijessica.fi\/wp-content\/uploads\/2023\/05\/img20221119213725-1540x2048.jpg 1540w\" sizes=\"auto, (max-width: 1925px) 100vw, 1925px\" \/><span aria-hidden=\"true\" class=\"wp-block-cover__background has-background-dim-40 has-background-dim\"><\/span><div class=\"wp-block-cover__inner-container is-layout-flow wp-block-cover-is-layout-flow\">\n<div class=\"wp-block-buttons is-content-justification-center is-layout-flex wp-container-core-buttons-is-layout-5e6b19ed wp-block-buttons-is-layout-flex\">\n<div class=\"wp-block-button has-custom-width wp-block-button__width-100\"><a class=\"wp-block-button__link wp-element-button\" href=\"https:\/\/taxijessica.fi\/sv\/taxitjanster-kittila-levi\/\">Taxitj\u00e4nster\nKittil\u00e4-Levi<\/a><\/div>\n<\/div>\n<\/div><\/div>\n<\/div>\n<\/div>\n<\/div><\/div>\n","protected":false},"excerpt":{"rendered":"<p>Du n\u00e5r oss b\u00e4st p\u00e5 ditt eget s\u00e4tt Taxijessica finns h\u00e4r alltid d\u00e5 du beh\u00f6ver oss! Du n\u00e5r oss via traditionell snigelpost, e-post, per telefon, mejl; ja till och med n\u00e4stan via flaskpost!&nbsp; Eller s\u00e5 kan du beh\u00e4ndigt n\u00e5 oss via v\u00e5r inhemska applikation som du kan ladda ner utan kostnad fr\u00e5n n\u00e4rmaste app-store. Med [&hellip;]<\/p>\n","protected":false},"author":1,"featured_media":0,"parent":0,"menu_order":1,"comment_status":"closed","ping_status":"closed","template":"","meta":{"_acf_changed":false,"footnotes":""},"class_list":["post-4815","page","type-page","status-publish","hentry"],"acf":[],"aioseo_notices":[],"_links":{"self":[{"href":"https:\/\/taxijessica.fi\/sv\/wp-json\/wp\/v2\/pages\/4815","targetHints":{"allow":["GET"]}}],"collection":[{"href":"https:\/\/taxijessica.fi\/sv\/wp-json\/wp\/v2\/pages"}],"about":[{"href":"https:\/\/taxijessica.fi\/sv\/wp-json\/wp\/v2\/types\/page"}],"author":[{"embeddable":true,"href":"https:\/\/taxijessica.fi\/sv\/wp-json\/wp\/v2\/users\/1"}],"replies":[{"embeddable":true,"href":"https:\/\/taxijessica.fi\/sv\/wp-json\/wp\/v2\/comments?post=4815"}],"version-history":[{"count":9,"href":"https:\/\/taxijessica.fi\/sv\/wp-json\/wp\/v2\/pages\/4815\/revisions"}],"predecessor-version":[{"id":5768,"href":"https:\/\/taxijessica.fi\/sv\/wp-json\/wp\/v2\/pages\/4815\/revisions\/5768"}],"wp:attachment":[{"href":"https:\/\/taxijessica.fi\/sv\/wp-json\/wp\/v2\/media?parent=4815"}],"curies":[{"name":"wp","href":"https:\/\/api.w.org\/{rel}","templated":true}]}}