{"id":5708,"date":"2025-04-16T12:40:02","date_gmt":"2025-04-16T09:40:02","guid":{"rendered":"https:\/\/taxijessica.fi\/?page_id=5708"},"modified":"2025-11-21T16:39:05","modified_gmt":"2025-11-21T14:39:05","slug":"forbestallning-levi","status":"publish","type":"page","link":"https:\/\/taxijessica.fi\/sv\/forbestallning-levi\/","title":{"rendered":"Best\u00e4llning &#8211; Levi"},"content":{"rendered":"\n<p><\/p>\n\n\n\n<p>V\u00e4lkommen till Taxijessicas webbest\u00e4llningstj\u00e4nst. Best\u00e4llningssidan \u00e4r helt automatiserad.<\/p>\n\n\n\n<p>Boka din flygplatstransfer eller n\u00e5gon annan transfer i f\u00f6rv\u00e4g,&nbsp;<strong>12 timmar f\u00f6re din transfer<\/strong>.<\/p>\n\n\n\n<p>F\u00f6r mer br\u00e5dskande best\u00e4llningar, v\u00e4nligen ring:  Levi +358 400 610 113.<\/p>\n\n\n\n<p>V\u00e4lj typ av bil f\u00f6r din best\u00e4llning, finns med 4 eller 8 platser. Om det \u00e4r fler \u00e4n 8 personer som ska transporteras m\u00e5ste flera bilar best\u00e4llas beroende p\u00e5 antalet personer och en separat best\u00e4llning m\u00e5ste g\u00f6ras f\u00f6r varje bil. Varje transport kr\u00e4ver en separat best\u00e4llning och du kan inte best\u00e4lla en returresa p\u00e5 samma best\u00e4llning. Fyll i den obligatoriska informationen s\u00e5 f\u00e5r du en prisuppskattning f\u00f6r din transfer. Varje transport kr\u00e4ver en separat best\u00e4llning. Kom ih\u00e5g att ange antalet personer som reser i till\u00e4ggsinformationen och \u00e4ven ditt flygnummer och officiella ankomsttid i flygplatsinformationen. Vi h\u00e5ller koll p\u00e5 tidtabellen f\u00f6r ditt flyg och reagerar p\u00e5 eventuella f\u00f6rseningar och m\u00f6ter dig alltid i ankomsthallen med din namnbricka. F\u00f6r barnbilstol debiterar vi 10\u20ac extra per resa. Kom ih\u00e5g att fylla i till\u00e4ggsinformationen om du beh\u00f6ver barnbilstol.<\/p>\n\n\n\n<p><strong>F\u00f6rfr\u00e5gningar om pris:<\/strong>&nbsp;Fyll i upph\u00e4mtningsadress och destinationsadress. V\u00e4lj 4-sitsig personbil eller 8-sitsig minivan. Det uppskattade priset f\u00f6r din resa kommer att anges under destinationsadressen och genom att fylla i dina andra uppgifter kan du ocks\u00e5 boka transporten samtidigt.<\/p>\n\n\n\n<p>N\u00e4r vi har accepterat din best\u00e4llning kommer den automatiskt att \u00f6verf\u00f6ras till v\u00e5rt best\u00e4llningssystem och du kommer att f\u00e5 en orderbekr\u00e4ftelse via e-post. Din best\u00e4llning \u00e4r klar och din bil kommer att anl\u00e4nda p\u00e5 \u00f6verenskommen tid.<\/p>\n\n\n\n<p>Tack f\u00f6r din best\u00e4llning.<\/p>\n\n\n\n<p><strong>Om du inte ser en ny verifieringsknapp med dina uppgifter efter att ha tryckt p\u00e5 skicka-knappen, skrolla upp p\u00e5 sidan f\u00f6r att se uppgifterna.<\/strong><\/p>\n\n\n\n<div style=\"width: 100%; max-width: 800px; margin: auto;\">\n    <iframe\n      src=\"https:\/\/dispatch.rxapp.cloud\/weborder\/8e9652a2-27d6-4d06-b354-1b92474ed059\/\"\n      style=\"width: 100%; border: 0; min-height: 1250px; border: none;\"\n      scrolling=\"no\"\n      height=\"1250\"\n      title=\"Tilaus Levi - Taxijessica Oy Ab\">\n    <\/iframe>\n<\/div>\n","protected":false},"excerpt":{"rendered":"<p>V\u00e4lkommen till Taxijessicas webbest\u00e4llningstj\u00e4nst. Best\u00e4llningssidan \u00e4r helt automatiserad. Boka din flygplatstransfer eller n\u00e5gon annan transfer i f\u00f6rv\u00e4g,&nbsp;12 timmar f\u00f6re din transfer. F\u00f6r mer br\u00e5dskande best\u00e4llningar, v\u00e4nligen ring: Levi +358 400 610 113. V\u00e4lj typ av bil f\u00f6r din best\u00e4llning, finns med 4 eller 8 platser. Om det \u00e4r fler \u00e4n 8 personer som ska transporteras [&hellip;]<\/p>\n","protected":false},"author":2,"featured_media":0,"parent":0,"menu_order":0,"comment_status":"closed","ping_status":"closed","template":"","meta":{"_acf_changed":false,"footnotes":""},"class_list":["post-5708","page","type-page","status-publish","hentry"],"acf":[],"aioseo_notices":[],"_links":{"self":[{"href":"https:\/\/taxijessica.fi\/sv\/wp-json\/wp\/v2\/pages\/5708","targetHints":{"allow":["GET"]}}],"collection":[{"href":"https:\/\/taxijessica.fi\/sv\/wp-json\/wp\/v2\/pages"}],"about":[{"href":"https:\/\/taxijessica.fi\/sv\/wp-json\/wp\/v2\/types\/page"}],"author":[{"embeddable":true,"href":"https:\/\/taxijessica.fi\/sv\/wp-json\/wp\/v2\/users\/2"}],"replies":[{"embeddable":true,"href":"https:\/\/taxijessica.fi\/sv\/wp-json\/wp\/v2\/comments?post=5708"}],"version-history":[{"count":9,"href":"https:\/\/taxijessica.fi\/sv\/wp-json\/wp\/v2\/pages\/5708\/revisions"}],"predecessor-version":[{"id":5906,"href":"https:\/\/taxijessica.fi\/sv\/wp-json\/wp\/v2\/pages\/5708\/revisions\/5906"}],"wp:attachment":[{"href":"https:\/\/taxijessica.fi\/sv\/wp-json\/wp\/v2\/media?parent=5708"}],"curies":[{"name":"wp","href":"https:\/\/api.w.org\/{rel}","templated":true}]}}