{"id":5746,"date":"2025-04-16T14:01:42","date_gmt":"2025-04-16T11:01:42","guid":{"rendered":"https:\/\/taxijessica.fi\/?page_id=5746"},"modified":"2025-08-12T15:11:28","modified_gmt":"2025-08-12T12:11:28","slug":"forbestallning-2","status":"publish","type":"page","link":"https:\/\/taxijessica.fi\/sv\/forbestallning-2\/","title":{"rendered":"F\u00f6rhandsbest\u00e4llning"},"content":{"rendered":"\n<p><\/p>\n\n\n\n<p><\/p>\n\n\n\n<p>V\u00e4lj f\u00f6rhandsbest\u00e4llning fr\u00e5n menyn om du best\u00e4ller f\u00f6r Hanko-Raasepori-omr\u00e5det eller f\u00f6r Levi.<\/p>\n\n\n\n<p><\/p>\n\n\n\n<p><\/p>\n\n\n\n<p><\/p>\n","protected":false},"excerpt":{"rendered":"<p>V\u00e4lj f\u00f6rhandsbest\u00e4llning fr\u00e5n menyn om du best\u00e4ller f\u00f6r Hanko-Raasepori-omr\u00e5det eller f\u00f6r Levi.<\/p>\n","protected":false},"author":2,"featured_media":0,"parent":0,"menu_order":0,"comment_status":"closed","ping_status":"closed","template":"","meta":{"_acf_changed":false,"footnotes":""},"class_list":["post-5746","page","type-page","status-publish","hentry"],"acf":[],"aioseo_notices":[],"_links":{"self":[{"href":"https:\/\/taxijessica.fi\/sv\/wp-json\/wp\/v2\/pages\/5746","targetHints":{"allow":["GET"]}}],"collection":[{"href":"https:\/\/taxijessica.fi\/sv\/wp-json\/wp\/v2\/pages"}],"about":[{"href":"https:\/\/taxijessica.fi\/sv\/wp-json\/wp\/v2\/types\/page"}],"author":[{"embeddable":true,"href":"https:\/\/taxijessica.fi\/sv\/wp-json\/wp\/v2\/users\/2"}],"replies":[{"embeddable":true,"href":"https:\/\/taxijessica.fi\/sv\/wp-json\/wp\/v2\/comments?post=5746"}],"version-history":[{"count":10,"href":"https:\/\/taxijessica.fi\/sv\/wp-json\/wp\/v2\/pages\/5746\/revisions"}],"predecessor-version":[{"id":5891,"href":"https:\/\/taxijessica.fi\/sv\/wp-json\/wp\/v2\/pages\/5746\/revisions\/5891"}],"wp:attachment":[{"href":"https:\/\/taxijessica.fi\/sv\/wp-json\/wp\/v2\/media?parent=5746"}],"curies":[{"name":"wp","href":"https:\/\/api.w.org\/{rel}","templated":true}]}}